{"id":82,"date":"2021-12-22T20:44:20","date_gmt":"2021-12-22T19:44:20","guid":{"rendered":"https:\/\/rk819nap.at.edis.global\/turnen\/?page_id=82"},"modified":"2025-08-31T18:13:15","modified_gmt":"2025-08-31T16:13:15","slug":"trainingszeiten","status":"publish","type":"page","link":"https:\/\/tus-feldbach.at\/turnen\/trainingszeiten\/","title":{"rendered":"Trainingszeiten"},"content":{"rendered":"<p>[et_pb_section fb_built=&#8220;1&#8243; _builder_version=&#8220;4.16&#8243; _module_preset=&#8220;default&#8220; background_color=&#8220;RGBA(0,0,0,0)&#8220; width=&#8220;100%&#8220; module_alignment=&#8220;right&#8220; custom_margin=&#8220;0px|0px|0px|0px|false|false&#8220; custom_padding=&#8220;0px|0px|0px|0px|false|false&#8220; global_colors_info=&#8220;{}&#8220;][et_pb_row _builder_version=&#8220;4.16&#8243; _module_preset=&#8220;default&#8220; z_index=&#8220;498&#8243; width=&#8220;100%&#8220; max_width=&#8220;none&#8220; custom_margin=&#8220;||||false|false&#8220; custom_padding=&#8220;0px||0px||false|false&#8220; global_colors_info=&#8220;{}&#8220;][et_pb_column type=&#8220;4_4&#8243; _builder_version=&#8220;4.16&#8243; _module_preset=&#8220;default&#8220; global_colors_info=&#8220;{}&#8220;][\/et_pb_column][\/et_pb_row][\/et_pb_section][et_pb_section fb_built=&#8220;1&#8243; _builder_version=&#8220;4.16&#8243; _module_preset=&#8220;default&#8220; width=&#8220;100%&#8220; custom_margin=&#8220;1%||3%||false|false&#8220; custom_margin_tablet=&#8220;2%||||false|false&#8220; custom_margin_phone=&#8220;3%||||false|false&#8220; custom_margin_last_edited=&#8220;on|phone&#8220; custom_padding=&#8220;0px||0px||false|false&#8220; locked=&#8220;off&#8220; global_colors_info=&#8220;{}&#8220;][et_pb_row custom_padding_last_edited=&#8220;on|phone&#8220; _builder_version=&#8220;4.16&#8243; _module_preset=&#8220;default&#8220; width_tablet=&#8220;100%&#8220; width_phone=&#8220;98%&#8220; width_last_edited=&#8220;on|phone&#8220; max_width=&#8220;none&#8220; max_width_tablet=&#8220;&#8220; max_width_phone=&#8220;98%&#8220; max_width_last_edited=&#8220;on|phone&#8220; module_alignment=&#8220;center&#8220; custom_margin=&#8220;0px||0%||false|false&#8220; custom_margin_tablet=&#8220;&#8220; custom_margin_phone=&#8220;|0%||1%|false|false&#8220; custom_margin_last_edited=&#8220;on|phone&#8220; custom_padding=&#8220;0%|1%|0%|1%|false|true&#8220; custom_padding_tablet=&#8220;&#8220; custom_padding_phone=&#8220;|0%||0%|false|true&#8220; locked=&#8220;off&#8220; global_colors_info=&#8220;{}&#8220;][et_pb_column type=&#8220;4_4&#8243; _builder_version=&#8220;4.16&#8243; _module_preset=&#8220;default&#8220; global_colors_info=&#8220;{}&#8220;][et_pb_text _builder_version=&#8220;4.16&#8243; _module_preset=&#8220;default&#8220; header_5_text_color=&#8220;#666666&#8243; header_6_text_color=&#8220;#666666&#8243; background_color=&#8220;#6b3e90&#8243; width_tablet=&#8220;&#8220; width_phone=&#8220;100%&#8220; width_last_edited=&#8220;on|phone&#8220; max_width=&#8220;99%&#8220; custom_margin=&#8220;0px||29px|0%|false|false&#8220; custom_margin_tablet=&#8220;||3%|0%|false|false&#8220; custom_margin_phone=&#8220;|0%|3%|0%|false|true&#8220; custom_margin_last_edited=&#8220;on|phone&#8220; custom_padding=&#8220;12px|2%|3px|2%|false|true&#8220; border_radii=&#8220;off|10px|||&#8220; locked=&#8220;off&#8220; global_colors_info=&#8220;{}&#8220;]<\/p>\n<h1><span style=\"color: #ffffff\">Trainingszeiten<\/span><\/h1>\n<p>[\/et_pb_text][\/et_pb_column][\/et_pb_row][\/et_pb_section][et_pb_section fb_built=&#8220;1&#8243; _builder_version=&#8220;4.16&#8243; _module_preset=&#8220;default&#8220; custom_margin=&#8220;0px|0px|0px|0px|false|false&#8220; custom_padding=&#8220;0px|0px|0px|0px|false|false&#8220; global_colors_info=&#8220;{}&#8220;][et_pb_row column_structure=&#8220;3_5,2_5&#8243; custom_padding_last_edited=&#8220;on|phone&#8220; _builder_version=&#8220;4.16&#8243; _module_preset=&#8220;default&#8220; width_tablet=&#8220;100%&#8220; width_phone=&#8220;100%&#8220; width_last_edited=&#8220;on|desktop&#8220; max_width=&#8220;none&#8220; custom_margin=&#8220;0px||3%||false|false&#8220; custom_padding=&#8220;0px|1%|0px|1%|false|true&#8220; custom_padding_tablet=&#8220;0%||||false|false&#8220; custom_padding_phone=&#8220;3%||||false|false&#8220; global_colors_info=&#8220;{}&#8220;][et_pb_column type=&#8220;3_5&#8243; _builder_version=&#8220;4.16&#8243; _module_preset=&#8220;default&#8220; global_colors_info=&#8220;{}&#8220;][et_pb_text _builder_version=&#8220;4.16&#8243; _module_preset=&#8220;default&#8220; header_text_color=&#8220;#666666&#8243; header_2_text_color=&#8220;#666666&#8243; header_3_text_color=&#8220;#666666&#8243; header_4_text_color=&#8220;#666666&#8243; header_5_text_color=&#8220;#666666&#8243; header_6_text_color=&#8220;#666666&#8243; custom_margin=&#8220;|0px||0px|false|false&#8220; custom_padding=&#8220;0px|4%|0px|4%|false|false&#8220; custom_padding_tablet=&#8220;|2%||2%|false|true&#8220; custom_padding_phone=&#8220;|2%||2%|false|true&#8220; custom_padding_last_edited=&#8220;on|desktop&#8220; locked=&#8220;off&#8220; global_colors_info=&#8220;{}&#8220;][\/et_pb_text][et_pb_text _builder_version=&#8220;4.16&#8243; _module_preset=&#8220;default&#8220; header_text_color=&#8220;#666666&#8243; header_2_text_color=&#8220;#666666&#8243; header_3_text_color=&#8220;#666666&#8243; header_4_text_color=&#8220;#666666&#8243; header_5_text_color=&#8220;#666666&#8243; header_6_text_color=&#8220;#666666&#8243; custom_margin=&#8220;|0px||0px|false|false&#8220; custom_padding=&#8220;0px|4%|0px|4%|false|false&#8220; custom_padding_tablet=&#8220;|2%||2%|false|true&#8220; custom_padding_phone=&#8220;|2%||2%|false|true&#8220; custom_padding_last_edited=&#8220;on|desktop&#8220; locked=&#8220;off&#8220; global_colors_info=&#8220;{}&#8220;][\/et_pb_text][et_pb_text _builder_version=&#8220;4.16&#8243; _module_preset=&#8220;default&#8220; header_text_color=&#8220;#666666&#8243; header_2_text_color=&#8220;#666666&#8243; header_3_text_color=&#8220;#666666&#8243; header_4_text_color=&#8220;#666666&#8243; header_5_text_color=&#8220;#666666&#8243; header_6_text_color=&#8220;#666666&#8243; custom_margin=&#8220;|0px||0px|false|false&#8220; custom_padding=&#8220;0px|4%|0px|4%|false|false&#8220; custom_padding_tablet=&#8220;|2%||2%|false|true&#8220; custom_padding_phone=&#8220;|2%||2%|false|true&#8220; custom_padding_last_edited=&#8220;on|desktop&#8220; locked=&#8220;off&#8220; global_colors_info=&#8220;{}&#8220;]<\/p>\n<h3><strong><span style=\"color: #6b3e90\"><\/span><\/strong><\/h3>\n<h3><strong><span style=\"color: #6b3e90\">Alle Infos zum Turnstart &#8211; Bitte genau durchlesen!<br \/><\/span><\/strong><\/h3>\n<p>&nbsp;<\/p>\n<p><span style=\"color: #6b3e90\"><strong>Anmeldung:<\/strong><\/span><\/p>\n<p>Die Anmeldung f\u00fcr das Schuljahr 2025\/26 startet am 01. September. Die Anmeldung erfolgt ausschlie\u00dflich online unter dem Reiter &#8222;Anmeldung&#8220;.<\/p>\n<p>&nbsp;<\/p>\n<p><span style=\"color: #6b3e90\"><strong>Turngruppen und Trainingszeiten:<\/strong><\/span><strong><\/strong><strong><\/strong><\/p>\n<p><strong><\/strong><\/p>\n<p><strong>Eltern-Kind Turnen 2-4 Jahre (Freitag, 15:15-16:15, Neuer Turnsaal<\/strong><strong>, Gudrun Weber): <\/strong>Erarbeiten der Grundfertigkeiten an verschiedensten Hand- und Turnger\u00e4ten, Spiel und Spa\u00df. Erlernen des richtigen Verhaltens in der Gruppe. Teilnahme gemeinsam mit Eltern. <strong>20 Einheiten.<\/strong><\/p>\n<p>&nbsp;<\/p>\n<p><strong>Eltern-Kind Turnen 3-5 Jahre (Freitag, 16:00-17:00, Turnhalle, Sven Holzer, <\/strong><strong>Wolfgang Schnepf): <\/strong>Erarbeiten der Grundfertigkeiten an verschiedensten Hand- und Turnger\u00e4ten, Spiel und Tanz. Erlernen des richtigen Verhaltens in der Gruppe. Teilnahme gemeinsam mit Eltern. <strong>20 Einheiten.<\/strong><code data-highlighted=\"yes\" class=\"hljs language-xml\"><\/code><strong><\/strong><\/p>\n<p><span style=\"color: #bf001f\"><\/span><\/p>\n<p><strong>Kinderturnen Riegersburg 6-8 Jahre (Freitag, 16:30-17:30, Turnsaal Mittelschule Riegersburg, Martina Marn, Veronika Bauernhofer): <\/strong><span style=\"color: #666666;font-family: 'Open Sans' , Arial , sans-serif;font-size: 15.0px\">Spielerisches Erlernen turnerischer Grundlagen (rollen, springen, schwingen, h\u00e4ngen). Wir turnen in dieser Gruppe auf verschiedenen Ger\u00e4ten und spielen unterschiedliche Turn- und Ballspiele. Freude an der Bewegung steht bei uns im Vordergrund.\u00a0<\/span><strong>20 Einheiten. <span style=\"color: #bf001f\">Nur f\u00fcr Gemeindeb\u00fcrgerInnen Riegersburg!<\/span><\/strong><span style=\"color: #bf001f\"><\/span><\/p>\n<p><span style=\"color: #bf001f\"><\/span><\/p>\n<p><span style=\"color: #bf001f\"><span style=\"color: #666666\"><strong>Kleinkinderturnen Riegersburg 3-6 Jahre (Freitag, 15:00-16:00, Turnsaal Volksschule Riegersburg, Cornelia Sixt): <\/strong>Erarbeiten der Grundfertigkeiten an verschiedensten Hand- und Turnger\u00e4ten, Spiel und Tanz. Erlernen des richtigen Verhaltens in der Gruppe. Teilnahme gemeinsam mit den Eltern.<\/span> <\/span><strong><span style=\"color: #666666\">20 Einheiten. <\/span><span style=\"color: #bf001f\">Nur f\u00fcr Gemeindeb\u00fcrgerInnen Riegersburg!<br \/>Beginn: 17.10.2025<br \/><\/span><\/strong><strong><span style=\"color: #bf001f\">Diese Gruppe bleibt bedauerlicherweise geschlossen.<\/span><\/strong><\/p>\n<p><span style=\"color: #bf001f\"><\/span><\/p>\n<p style=\"text-align: left\"><strong>Kinderturnen 1. Klasse VS-12 Jahre (Dienstag, 17:00-18:30 Turnhalle, Martina Ulrich, Kerstin Lamprecht): <\/strong>Spielerisches Erlernen turnerischer Grundlagen (rollen, springen, schwingen, h\u00e4ngen). Turnen auf allen Ger\u00e4ten wie Minitrampolin, Boden, Sprung, Reck, Barren, Airtrack. <strong><span style=\"color: #bf001f\">Ab 1. Klasse Volksschule.<\/span> <\/strong><\/p>\n<p style=\"text-align: left\"><strong><\/strong><\/p>\n<p><strong>Kinderturnen St. Anna am Aigen 1. Klasse VS-14 Jahre (Donnerstag 16:00-17:30, Mittelschule St. Anna am Aigen, Martina Ulrich): <\/strong>Erlernen turnerischer Grundlagen auf allen Turnger\u00e4ten wie Minitrampolin, Reck, Barren oder Sprung. Bodenturnen auf der Airtrack. <strong><span style=\"color: #bf001f\">Ab 1. Klasse Volksschule.<\/span> <span style=\"color: #bf001f\">Nur f\u00fcr Gemeindeb\u00fcrgerInnen St. Anna!<\/span><\/strong><span style=\"color: #bf001f\"><\/span><\/p>\n<p><strong>M\u00e4dchenturnen 7-14 Jahre (Mittwoch, 17:30-19:15, Turnhalle, Gabi Matzhold): <\/strong>Lernen von \u00dcbungen an den klassischen Turnger\u00e4ten als Vorbereitung f\u00fcr Meisterschaften, zur Formung des K\u00f6rpers und als Basis, damit sp\u00e4ter auch andere Sportarten erfolgreich betrieben werden k\u00f6nnen.<\/p>\n<p><strong>Akrobatik 7-12 Jahre (Montag, 17:00-19:00, Turnhalle, Stefan Preininger, Luis Sommer): <\/strong>In dieser Gruppe liegt der Schwerpunkt auf Grundlagen der Sportakrobatik, Bodenturnen, Trampolin sowie Partnerakrobatik. Grund\u00fcbungen aus dem Bodenturnen (Vorw\u00e4rtsrolle, R\u00fcckw\u00e4rtsrolle, Rad, Kopfstand) sind Voraussetzungen f\u00fcr diese Turngruppe!<\/p>\n<p><strong>Ger\u00e4tturnen 10-16 Jahre (Montag, 17:00-19:00, Turnhalle, Daniela Michelitsch, Johannes Berghofer): <\/strong>Kinder mit sehr guten k\u00f6rperlichen und turnerischen Voraussetzungen, die mehr Zeit in das Turnen investieren wollen.\u00a0 Das Ziel dieser Gruppe ist das mitmachen an Meisterschaften, daher ist eine Aufnahme nur nach Vorturnen m\u00f6glich. Dazu bitte per Mail melden.<br \/>Voraussetzungen: Rolle vorw\u00e4rts und r\u00fcckw\u00e4rts, Kopfstand, Handstand, Rad<br \/><strong><span style=\"color: #bf001f\">Diese Gruppe bleibt f\u00fcr die Anmeldung geschlossen.<\/span><\/strong><\/p>\n<p><strong>Freerunning Jugend (Freitag, 16:00-18:00, Turnhalle, Philipp Rabl): <\/strong>Diese Gruppe verbindet Ger\u00e4teturnen mit Trendsportarten wie Parcours, Akrobatik oder Breakdance. Auch Einheiten im Freien am Bewegungspark Feldbach sind Teil dieser Turngruppe. Das K\u00f6nnen der Grund\u00fcbungen aus dem Ger\u00e4teturnen (Rollen, Rad, Handstand) sind Voraussetzung f\u00fcr diese Gruppe!<\/p>\n<p><strong>Powerfit (Montag, 19:00-20:30, Turnhalle, Daniela Michelitsch, Stefan Preininger): <\/strong>Abwechslungsreiches Ganzk\u00f6rperworkout und Turnen nach individuellen Bed\u00fcrfnissen. Die Gruppe ist f\u00fcr Jugendliche und Erwachsen geeignet.<\/p>\n<p><strong>Step-Aerobic (Montag, 18:30-19:30, Neuer Turnsaal, Klara Hefler): <\/strong>Gymnastik mit Musik auf Stepps mit einfacher Choreographie zur K\u00f6rperformung und Konditionssteigerung. Die Gruppe ist f\u00fcr Jugendliche und Erwachsen geeignet. <strong>20 Einheiten.<\/strong><\/p>\n<p>&nbsp;<\/p>\n<p>Bitte beachten Sie, dass sich der Turnplan noch \u00c4ndern kann. Aktuellster Stand: 31.08.2025\u00a0<\/p>\n<p>&nbsp;<\/p>\n<p><span style=\"color: #6b3e90\"><strong>Sportst\u00e4tten<\/strong><\/span><\/p>\n<p><strong>Turnhalle<\/strong>: Ringstra\u00dfe \u2013 Eingang Hof zwischen NMS1 und NMS2<\/p>\n<p><strong>Neuer Turnsaal:<\/strong> Ringstra\u00dfe \u2013 Eingang gegen\u00fcber Gebietskrankenkasse<\/p>\n<p>&nbsp;<\/p>\n<p><strong><span style=\"color: #6b3e90\">Turnbeitr\u00e4ge<\/span><\/strong><\/p>\n<p>Der Jahresbeitrag f\u00fcr Kinder ist \u20ac 65,00 und f\u00fcr Erwachsene \u20ac 80,00. Turngruppen mit 20 Einheiten (Eltern-Kind-Turnen, Kleinkinderturnen, Step Aerobic) kosten f\u00fcr Kinder \u20ac 55,00 und f\u00fcr Erwachsene \u20ac 70,00. Ab dem dritten Kind f\u00e4llt nur mehr der Vereinsbeitrag von \u20ac 10,00 an.<\/p>\n<p>&nbsp;<\/p>\n<p><span style=\"color: #6b3e90\"><strong>Wann und wie lange wird geturnt?<\/strong><\/span><\/p>\n<p>Die ganzj\u00e4hrigen Turngruppen starten in der Kalenderwoche 39 (ab 22.09.2025) und laufen bis Schulende 2026. Die Turngruppen mit 20 Einheiten werden, werden je nach Trainer\/innen Verf\u00fcgbarkeit beim ersten Training ausgemacht.<\/p>\n<p><strong>An schulfreien Tagen entf\u00e4llt auch das Turnen.\u00a0\u00a0<\/strong><\/p>\n<p>&nbsp;<\/p>\n<p>&nbsp;<\/p>\n<p>&nbsp;<\/p>\n<p>&nbsp;<\/p>\n<p>[\/et_pb_text][\/et_pb_column][et_pb_column type=&#8220;2_5&#8243; _builder_version=&#8220;4.16&#8243; _module_preset=&#8220;default&#8220; global_colors_info=&#8220;{}&#8220;][et_pb_image src=&#8220;https:\/\/tus-feldbach.at\/turnen\/wp-content\/uploads\/sites\/8\/2022\/01\/DSC03646.jpg&#8220; title_text=&#8220;DSC03646&#8243; show_bottom_space=&#8220;off&#8220; _builder_version=&#8220;4.16&#8243; _module_preset=&#8220;default&#8220; custom_margin=&#8220;0px|0px|0px|0px|false|false&#8220; custom_padding=&#8220;0px|0px|0px|0px|false|false&#8220; filter_brightness=&#8220;126%&#8220; locked=&#8220;off&#8220; global_colors_info=&#8220;{}&#8220;][\/et_pb_image][et_pb_image src=&#8220;https:\/\/tus-feldbach.at\/turnen\/wp-content\/uploads\/sites\/8\/2022\/01\/TUS_Verein_HG.png&#8220; title_text=&#8220;TUS_Verein_HG&#8220; show_bottom_space=&#8220;off&#8220; _builder_version=&#8220;4.16&#8243; _module_preset=&#8220;default&#8220; custom_margin=&#8220;0px|0px|0px|0px|false|false&#8220; custom_padding=&#8220;0px|0px|0px|0px|false|false&#8220; filter_opacity=&#8220;30%&#8220; locked=&#8220;off&#8220; global_colors_info=&#8220;{}&#8220;][\/et_pb_image][\/et_pb_column][\/et_pb_row][\/et_pb_section]<\/p>\n","protected":false},"excerpt":{"rendered":"<p>Trainingszeiten Alle Infos zum Turnstart &#8211; Bitte genau durchlesen! &nbsp; Anmeldung: Die Anmeldung f\u00fcr das Schuljahr 2025\/26 startet am 01. September. Die Anmeldung erfolgt ausschlie\u00dflich online unter dem Reiter &#8222;Anmeldung&#8220;. &nbsp; Turngruppen und Trainingszeiten: Eltern-Kind Turnen 2-4 Jahre (Freitag, 15:15-16:15, Neuer Turnsaal, Gudrun Weber): Erarbeiten der Grundfertigkeiten an verschiedensten Hand- und Turnger\u00e4ten, Spiel und Spa\u00df. [&hellip;]<\/p>\n","protected":false},"author":1,"featured_media":0,"parent":0,"menu_order":0,"comment_status":"closed","ping_status":"closed","template":"","meta":{"_et_pb_use_builder":"on","_et_pb_old_content":"","_et_gb_content_width":"","footnotes":""},"class_list":["post-82","page","type-page","status-publish","hentry"],"_links":{"self":[{"href":"https:\/\/tus-feldbach.at\/turnen\/wp-json\/wp\/v2\/pages\/82","targetHints":{"allow":["GET"]}}],"collection":[{"href":"https:\/\/tus-feldbach.at\/turnen\/wp-json\/wp\/v2\/pages"}],"about":[{"href":"https:\/\/tus-feldbach.at\/turnen\/wp-json\/wp\/v2\/types\/page"}],"author":[{"embeddable":true,"href":"https:\/\/tus-feldbach.at\/turnen\/wp-json\/wp\/v2\/users\/1"}],"replies":[{"embeddable":true,"href":"https:\/\/tus-feldbach.at\/turnen\/wp-json\/wp\/v2\/comments?post=82"}],"version-history":[{"count":78,"href":"https:\/\/tus-feldbach.at\/turnen\/wp-json\/wp\/v2\/pages\/82\/revisions"}],"predecessor-version":[{"id":1912,"href":"https:\/\/tus-feldbach.at\/turnen\/wp-json\/wp\/v2\/pages\/82\/revisions\/1912"}],"wp:attachment":[{"href":"https:\/\/tus-feldbach.at\/turnen\/wp-json\/wp\/v2\/media?parent=82"}],"curies":[{"name":"wp","href":"https:\/\/api.w.org\/{rel}","templated":true}]}}