{"id":37,"date":"2024-02-01T17:26:38","date_gmt":"2024-02-01T16:26:38","guid":{"rendered":"https:\/\/tus-feldbach.at\/triathlon\/?page_id=37"},"modified":"2025-11-15T21:10:12","modified_gmt":"2025-11-15T20:10:12","slug":"trainer","status":"publish","type":"page","link":"https:\/\/tus-feldbach.at\/triathlon\/trainer\/","title":{"rendered":"Trainer"},"content":{"rendered":"<p>[et_pb_section fb_built=&#8220;1&#8243; _builder_version=&#8220;4.24.2&#8243; _module_preset=&#8220;default&#8220; width=&#8220;100%&#8220; custom_margin=&#8220;1%||0px||false|false&#8220; custom_margin_tablet=&#8220;2%||||false|false&#8220; custom_margin_phone=&#8220;3%||||false|false&#8220; custom_margin_last_edited=&#8220;on|phone&#8220; custom_padding=&#8220;0px||0px||false|false&#8220; locked=&#8220;off&#8220; global_colors_info=&#8220;{}&#8220;][et_pb_row custom_padding_last_edited=&#8220;on|phone&#8220; _builder_version=&#8220;4.16&#8243; _module_preset=&#8220;default&#8220; width_tablet=&#8220;100%&#8220; width_phone=&#8220;98%&#8220; width_last_edited=&#8220;on|phone&#8220; max_width=&#8220;none&#8220; max_width_tablet=&#8220;&#8220; max_width_phone=&#8220;98%&#8220; max_width_last_edited=&#8220;on|phone&#8220; module_alignment=&#8220;center&#8220; custom_margin=&#8220;0px||0%||false|false&#8220; custom_margin_tablet=&#8220;&#8220; custom_margin_phone=&#8220;|0%||1%|false|false&#8220; custom_margin_last_edited=&#8220;on|phone&#8220; custom_padding=&#8220;0%|1%|0%|1%|false|true&#8220; custom_padding_tablet=&#8220;&#8220; custom_padding_phone=&#8220;|0%||0%|false|true&#8220; locked=&#8220;off&#8220; global_colors_info=&#8220;{}&#8220;][et_pb_column type=&#8220;4_4&#8243; _builder_version=&#8220;4.16&#8243; _module_preset=&#8220;default&#8220; global_colors_info=&#8220;{}&#8220;][et_pb_text _builder_version=&#8220;4.24.0&#8243; _module_preset=&#8220;default&#8220; header_5_text_color=&#8220;#666666&#8243; header_6_text_color=&#8220;#666666&#8243; background_color=&#8220;gcid-03365004-e768-4505-a360-3067e6528326&#8243; width_tablet=&#8220;&#8220; width_phone=&#8220;100%&#8220; width_last_edited=&#8220;on|phone&#8220; max_width=&#8220;99%&#8220; custom_margin=&#8220;0px||29px|0%|false|false&#8220; custom_margin_tablet=&#8220;||3%|0%|false|false&#8220; custom_margin_phone=&#8220;|0%|3%|0%|false|true&#8220; custom_margin_last_edited=&#8220;on|phone&#8220; custom_padding=&#8220;12px|2%|3px|2%|false|true&#8220; border_radii=&#8220;off|10px|||&#8220; locked=&#8220;off&#8220; global_colors_info=&#8220;{%22gcid-03365004-e768-4505-a360-3067e6528326%22:%91%22background_color%22%93}&#8220;]<\/p>\n<h1><span style=\"color: #ffffff\">Unser Trainerteam<\/span><\/h1>\n<p>[\/et_pb_text][\/et_pb_column][\/et_pb_row][et_pb_row column_structure=&#8220;1_3,1_3,1_3&#8243; custom_padding_last_edited=&#8220;on|desktop&#8220; _builder_version=&#8220;4.16&#8243; _module_preset=&#8220;default&#8220; width_tablet=&#8220;100%&#8220; width_phone=&#8220;100%&#8220; width_last_edited=&#8220;on|desktop&#8220; max_width=&#8220;none&#8220; custom_margin=&#8220;0px||3%||false|false&#8220; custom_padding=&#8220;0px|1%|2%|1%|false|true&#8220; custom_padding_tablet=&#8220;0%||6%||false|false&#8220; custom_padding_phone=&#8220;3%||10%||false|false&#8220; global_colors_info=&#8220;{}&#8220;][et_pb_column type=&#8220;1_3&#8243; _builder_version=&#8220;4.16&#8243; _module_preset=&#8220;default&#8220; global_colors_info=&#8220;{}&#8220;][et_pb_image src=&#8220;https:\/\/tus-feldbach.at\/triathlon\/wp-content\/uploads\/sites\/13\/2024\/02\/cropped-TUS-Icon.png&#8220; alt=&#8220;Icon Schwimmen&#8220; title_text=&#8220;cropped-TUS-Icon.png&#8220; align=&#8220;center&#8220; _builder_version=&#8220;4.24.2&#8243; _module_preset=&#8220;default&#8220; global_colors_info=&#8220;{}&#8220;][\/et_pb_image][et_pb_text _builder_version=&#8220;4.16&#8243; _module_preset=&#8220;default&#8220; locked=&#8220;off&#8220; global_colors_info=&#8220;{}&#8220;]<\/p>\n<p style=\"text-align: center\"><strong>Angelika Konrad<\/strong><strong><a href=\"mailto:schwimmen@tus-feldbach.at\"><\/a><\/strong><\/p>\n<p style=\"text-align: center\">\n<p style=\"text-align: center\">Instruktorin Triathlon<\/p>\n<p style=\"text-align: center\">\u00dcbungsleiterin Schwimmen<\/p>\n<p>[\/et_pb_text][\/et_pb_column][et_pb_column type=&#8220;1_3&#8243; _builder_version=&#8220;4.16&#8243; _module_preset=&#8220;default&#8220; global_colors_info=&#8220;{}&#8220;][et_pb_image src=&#8220;https:\/\/tus-feldbach.at\/triathlon\/wp-content\/uploads\/sites\/13\/2024\/02\/cropped-TUS-Icon.png&#8220; alt=&#8220;Icon Schwimmen&#8220; title_text=&#8220;cropped-TUS-Icon.png&#8220; align=&#8220;center&#8220; _builder_version=&#8220;4.24.2&#8243; _module_preset=&#8220;default&#8220; global_colors_info=&#8220;{}&#8220;][\/et_pb_image][et_pb_text _builder_version=&#8220;4.27.4&#8243; _module_preset=&#8220;default&#8220; hover_enabled=&#8220;0&#8243; locked=&#8220;off&#8220; global_colors_info=&#8220;{}&#8220; sticky_enabled=&#8220;0&#8243;]<\/p>\n<p style=\"text-align: center\"><strong>Martin Konrad<\/strong><\/p>\n<p style=\"text-align: center\"><strong><\/strong><\/p>\n<p style=\"text-align: center\">\u00dcbungsleiter Schwimmen<\/p>\n<p style=\"text-align: center\">\u00dcbungsleiter Radsport<\/p>\n<p style=\"text-align: center\">\u00dcbungsleiter Laufen<\/p>\n<p style=\"text-align: center\">\n<p style=\"text-align: center\">[\/et_pb_text][\/et_pb_column][et_pb_column type=&#8220;1_3&#8243; _builder_version=&#8220;4.16&#8243; _module_preset=&#8220;default&#8220; global_colors_info=&#8220;{}&#8220;][et_pb_image src=&#8220;https:\/\/tus-feldbach.at\/triathlon\/wp-content\/uploads\/sites\/13\/2024\/02\/cropped-TUS-Icon.png&#8220; alt=&#8220;Icon Schwimmen&#8220; title_text=&#8220;cropped-TUS-Icon.png&#8220; align=&#8220;center&#8220; _builder_version=&#8220;4.24.2&#8243; _module_preset=&#8220;default&#8220; custom_padding=&#8220;||1px|||&#8220; global_colors_info=&#8220;{}&#8220;][\/et_pb_image][et_pb_text _builder_version=&#8220;4.27.4&#8243; _module_preset=&#8220;default&#8220; hover_enabled=&#8220;0&#8243; locked=&#8220;off&#8220; global_colors_info=&#8220;{}&#8220; sticky_enabled=&#8220;0&#8243;]<\/p>\n<p style=\"text-align: center\"><strong>Michael Hammer<\/strong><strong><a href=\"mailto:schwimmen@tus-feldbach.at\"><\/a><\/strong><\/p>\n<p style=\"text-align: center\"><strong><\/strong><\/p>\n<p style=\"text-align: center\">\u00dcbungsleiter Radsport<\/p>\n<p style=\"text-align: center\">[\/et_pb_text][\/et_pb_column][\/et_pb_row][et_pb_row column_structure=&#8220;1_3,1_3,1_3&#8243; custom_padding_last_edited=&#8220;on|desktop&#8220; _builder_version=&#8220;4.16&#8243; _module_preset=&#8220;default&#8220; width_tablet=&#8220;100%&#8220; width_phone=&#8220;100%&#8220; width_last_edited=&#8220;on|desktop&#8220; max_width=&#8220;none&#8220; custom_margin=&#8220;0px||3%||false|false&#8220; custom_padding=&#8220;0px|1%|2%|1%|false|true&#8220; custom_padding_tablet=&#8220;0%||6%||false|false&#8220; custom_padding_phone=&#8220;3%||10%||false|false&#8220; global_colors_info=&#8220;{}&#8220;][et_pb_column type=&#8220;1_3&#8243; _builder_version=&#8220;4.16&#8243; _module_preset=&#8220;default&#8220; global_colors_info=&#8220;{}&#8220;][\/et_pb_column][et_pb_column type=&#8220;1_3&#8243; _builder_version=&#8220;4.16&#8243; _module_preset=&#8220;default&#8220; global_colors_info=&#8220;{}&#8220;][\/et_pb_column][et_pb_column type=&#8220;1_3&#8243; _builder_version=&#8220;4.16&#8243; _module_preset=&#8220;default&#8220; global_colors_info=&#8220;{}&#8220;][\/et_pb_column][\/et_pb_row][\/et_pb_section]<\/p>\n","protected":false},"excerpt":{"rendered":"<p>Unser TrainerteamAngelika Konrad Instruktorin Triathlon \u00dcbungsleiterin SchwimmenMartin Konrad \u00dcbungsleiter Schwimmen \u00dcbungsleiter Radsport \u00dcbungsleiter Laufen Michael Hammer \u00dcbungsleiter Radsport<\/p>\n","protected":false},"author":1,"featured_media":0,"parent":0,"menu_order":0,"comment_status":"closed","ping_status":"closed","template":"","meta":{"_et_pb_use_builder":"on","_et_pb_old_content":"","_et_gb_content_width":"","footnotes":""},"class_list":["post-37","page","type-page","status-publish","hentry"],"_links":{"self":[{"href":"https:\/\/tus-feldbach.at\/triathlon\/wp-json\/wp\/v2\/pages\/37","targetHints":{"allow":["GET"]}}],"collection":[{"href":"https:\/\/tus-feldbach.at\/triathlon\/wp-json\/wp\/v2\/pages"}],"about":[{"href":"https:\/\/tus-feldbach.at\/triathlon\/wp-json\/wp\/v2\/types\/page"}],"author":[{"embeddable":true,"href":"https:\/\/tus-feldbach.at\/triathlon\/wp-json\/wp\/v2\/users\/1"}],"replies":[{"embeddable":true,"href":"https:\/\/tus-feldbach.at\/triathlon\/wp-json\/wp\/v2\/comments?post=37"}],"version-history":[{"count":7,"href":"https:\/\/tus-feldbach.at\/triathlon\/wp-json\/wp\/v2\/pages\/37\/revisions"}],"predecessor-version":[{"id":483,"href":"https:\/\/tus-feldbach.at\/triathlon\/wp-json\/wp\/v2\/pages\/37\/revisions\/483"}],"wp:attachment":[{"href":"https:\/\/tus-feldbach.at\/triathlon\/wp-json\/wp\/v2\/media?parent=37"}],"curies":[{"name":"wp","href":"https:\/\/api.w.org\/{rel}","templated":true}]}}