{"id":96,"date":"2021-12-22T20:14:05","date_gmt":"2021-12-22T19:14:05","guid":{"rendered":"https:\/\/rk819nap.at.edis.global\/tischtennis\/?page_id=96"},"modified":"2025-07-23T22:40:41","modified_gmt":"2025-07-23T20:40:41","slug":"mannschaften","status":"publish","type":"page","link":"https:\/\/tus-feldbach.at\/tischtennis\/mannschaften\/","title":{"rendered":"Mannschaften"},"content":{"rendered":"<p>[et_pb_section fb_built=&#8220;1&#8243; _builder_version=&#8220;4.16&#8243; _module_preset=&#8220;default&#8220; width=&#8220;100%&#8220; custom_margin=&#8220;1%||0px||false|false&#8220; custom_margin_tablet=&#8220;2%||||false|false&#8220; custom_margin_phone=&#8220;3%||||false|false&#8220; custom_margin_last_edited=&#8220;on|phone&#8220; custom_padding=&#8220;0px||0px||false|false&#8220; locked=&#8220;off&#8220; global_colors_info=&#8220;{}&#8220;][et_pb_row custom_padding_last_edited=&#8220;on|phone&#8220; _builder_version=&#8220;4.16&#8243; _module_preset=&#8220;default&#8220; width_tablet=&#8220;100%&#8220; width_phone=&#8220;98%&#8220; width_last_edited=&#8220;on|phone&#8220; max_width=&#8220;none&#8220; max_width_tablet=&#8220;&#8220; max_width_phone=&#8220;98%&#8220; max_width_last_edited=&#8220;on|phone&#8220; module_alignment=&#8220;center&#8220; custom_margin=&#8220;0px||0%||false|false&#8220; custom_margin_tablet=&#8220;&#8220; custom_margin_phone=&#8220;|0%||1%|false|false&#8220; custom_margin_last_edited=&#8220;on|phone&#8220; custom_padding=&#8220;0%|1%|0%|1%|false|true&#8220; custom_padding_tablet=&#8220;&#8220; custom_padding_phone=&#8220;|0%||0%|false|true&#8220; locked=&#8220;off&#8220; global_colors_info=&#8220;{}&#8220;][et_pb_column type=&#8220;4_4&#8243; _builder_version=&#8220;4.16&#8243; _module_preset=&#8220;default&#8220; global_colors_info=&#8220;{}&#8220;][et_pb_text _builder_version=&#8220;4.16&#8243; _module_preset=&#8220;default&#8220; header_5_text_color=&#8220;#666666&#8243; header_6_text_color=&#8220;#666666&#8243; background_color=&#8220;#95c100&#8243; width_tablet=&#8220;&#8220; width_phone=&#8220;100%&#8220; width_last_edited=&#8220;on|phone&#8220; max_width=&#8220;99%&#8220; custom_margin=&#8220;0px||29px|0%|false|false&#8220; custom_margin_tablet=&#8220;||3%|0%|false|false&#8220; custom_margin_phone=&#8220;|0%|3%|0%|false|true&#8220; custom_margin_last_edited=&#8220;on|phone&#8220; custom_padding=&#8220;12px|2%|3px|2%|false|true&#8220; border_radii=&#8220;off|10px|||&#8220; locked=&#8220;off&#8220; global_colors_info=&#8220;{}&#8220;]<\/p>\n<h1><span style=\"color: #ffffff\">Unsere Mannschaften<br \/><\/span><\/h1>\n<p>[\/et_pb_text][\/et_pb_column][\/et_pb_row][et_pb_row column_structure=&#8220;1_2,1_2&#8243; custom_padding_last_edited=&#8220;on|desktop&#8220; _builder_version=&#8220;4.16&#8243; _module_preset=&#8220;default&#8220; width_tablet=&#8220;100%&#8220; width_phone=&#8220;100%&#8220; width_last_edited=&#8220;on|desktop&#8220; max_width=&#8220;none&#8220; custom_margin=&#8220;0px||0px||false|false&#8220; custom_padding=&#8220;0px|1%|2%|1%|false|true&#8220; custom_padding_tablet=&#8220;0%||6%||false|false&#8220; custom_padding_phone=&#8220;3%||10%||false|false&#8220; global_colors_info=&#8220;{}&#8220;][et_pb_column type=&#8220;1_2&#8243; _builder_version=&#8220;4.16&#8243; _module_preset=&#8220;default&#8220; global_colors_info=&#8220;{}&#8220;][et_pb_image src=&#8220;https:\/\/tus-feldbach.at\/tischtennis\/wp-content\/uploads\/sites\/6\/2021\/12\/SportsIcons_blau-tischtennis-150&#215;150.png&#8220; alt=&#8220;Icon Schwimmen&#8220; title_text=&#8220;SportsIcons_blau-tischtennis&#8220; align=&#8220;center&#8220; _builder_version=&#8220;4.17.6&#8243; _module_preset=&#8220;default&#8220; global_colors_info=&#8220;{}&#8220;][\/et_pb_image][et_pb_text _builder_version=&#8220;4.16&#8243; _module_preset=&#8220;default&#8220; locked=&#8220;off&#8220; global_colors_info=&#8220;{}&#8220;]<\/p>\n<p style=\"text-align: center;\"><strong>\u00a0Team Feldbach 1<\/strong><br \/><strong><a href=\"mailto:schwimmen@tus-feldbach.at\"><\/a><\/strong><\/p>\n<p style=\"text-align: center;\">die Mannschaft ist zur Zeit abgemeldet<\/p>\n<p style=\"text-align: center;\">\n<p style=\"text-align: center;\">Mannschaftsverantwortlicher:<br \/>Karl Heinz Maitz<br \/>Mobil: 0664-9188968<br \/>Email:\u00a0aon.913490007@aon.at<\/p>\n<p style=\"text-align: center;\">Spielerkader:\u00a0\u00a0\u00a0(Gebietsliga S\u00fcdost)<\/p>\n<p style=\"text-align: center;\">Maitz Karlheinz<\/p>\n<p style=\"text-align: center;\">Schneider Christian<br \/>Liendl Alexander<\/p>\n<p style=\"text-align: center;\"><a href=\"mailto:schwimmen@tus-feldbach.at\"><\/a><\/p>\n<p style=\"text-align: center;\">\n<p>[\/et_pb_text][\/et_pb_column][et_pb_column type=&#8220;1_2&#8243; _builder_version=&#8220;4.16&#8243; _module_preset=&#8220;default&#8220; global_colors_info=&#8220;{}&#8220;][et_pb_image src=&#8220;https:\/\/tus-feldbach.at\/tischtennis\/wp-content\/uploads\/sites\/6\/2021\/12\/SportsIcons_blau-tischtennis-150&#215;150.png&#8220; alt=&#8220;Icon Schwimmen&#8220; title_text=&#8220;SportsIcons_blau-tischtennis&#8220; align=&#8220;center&#8220; _builder_version=&#8220;4.17.6&#8243; _module_preset=&#8220;default&#8220; global_colors_info=&#8220;{}&#8220;][\/et_pb_image][et_pb_text _builder_version=&#8220;4.16&#8243; _module_preset=&#8220;default&#8220; locked=&#8220;off&#8220; global_colors_info=&#8220;{}&#8220;]<\/p>\n<p style=\"text-align: center\"><strong>\u00a0Team Feldbach 2<\/strong><br \/><strong><a href=\"mailto:schwimmen@tus-feldbach.at\"><\/a><\/strong><\/p>\n<p style=\"text-align: center\">die Mannschaft ist zur Zeit abgemeldet da zur Zeit nicht gen\u00fcgend Spieler f\u00fcr einen regul\u00e4ren Meisterschaftsbetrieb zur Verf\u00fcgung stehen.<\/p>\n<p>&nbsp;<\/p>\n<p>&nbsp;<\/p>\n<p>[\/et_pb_text][\/et_pb_column][\/et_pb_row][et_pb_row column_structure=&#8220;1_2,1_2&#8243; custom_padding_last_edited=&#8220;on|desktop&#8220; _builder_version=&#8220;4.16&#8243; _module_preset=&#8220;default&#8220; width_tablet=&#8220;100%&#8220; width_phone=&#8220;100%&#8220; width_last_edited=&#8220;on|desktop&#8220; max_width=&#8220;none&#8220; custom_margin=&#8220;0px||0px||false|false&#8220; custom_padding=&#8220;0px|1%|2%|1%|false|true&#8220; custom_padding_tablet=&#8220;0%||6%||false|false&#8220; custom_padding_phone=&#8220;3%||10%||false|false&#8220; global_colors_info=&#8220;{}&#8220;][et_pb_column type=&#8220;1_2&#8243; _builder_version=&#8220;4.16&#8243; _module_preset=&#8220;default&#8220; global_colors_info=&#8220;{}&#8220;][\/et_pb_column][et_pb_column type=&#8220;1_2&#8243; _builder_version=&#8220;4.16&#8243; _module_preset=&#8220;default&#8220; global_colors_info=&#8220;{}&#8220;][\/et_pb_column][\/et_pb_row][\/et_pb_section]<\/p>\n","protected":false},"excerpt":{"rendered":"<p>Unsere Mannschaften\u00a0Team Feldbach 1 die Mannschaft ist zur Zeit abgemeldet Mannschaftsverantwortlicher:Karl Heinz MaitzMobil: 0664-9188968Email:\u00a0aon.913490007@aon.at Spielerkader:\u00a0\u00a0\u00a0(Gebietsliga S\u00fcdost) Maitz Karlheinz Schneider ChristianLiendl Alexander \u00a0Team Feldbach 2 die Mannschaft ist zur Zeit abgemeldet da zur Zeit nicht gen\u00fcgend Spieler f\u00fcr einen regul\u00e4ren Meisterschaftsbetrieb zur Verf\u00fcgung stehen. &nbsp; &nbsp;<\/p>\n","protected":false},"author":8,"featured_media":0,"parent":0,"menu_order":0,"comment_status":"closed","ping_status":"closed","template":"","meta":{"_et_pb_use_builder":"on","_et_pb_old_content":"","_et_gb_content_width":"","footnotes":""},"class_list":["post-96","page","type-page","status-publish","hentry"],"_links":{"self":[{"href":"https:\/\/tus-feldbach.at\/tischtennis\/wp-json\/wp\/v2\/pages\/96","targetHints":{"allow":["GET"]}}],"collection":[{"href":"https:\/\/tus-feldbach.at\/tischtennis\/wp-json\/wp\/v2\/pages"}],"about":[{"href":"https:\/\/tus-feldbach.at\/tischtennis\/wp-json\/wp\/v2\/types\/page"}],"author":[{"embeddable":true,"href":"https:\/\/tus-feldbach.at\/tischtennis\/wp-json\/wp\/v2\/users\/8"}],"replies":[{"embeddable":true,"href":"https:\/\/tus-feldbach.at\/tischtennis\/wp-json\/wp\/v2\/comments?post=96"}],"version-history":[{"count":7,"href":"https:\/\/tus-feldbach.at\/tischtennis\/wp-json\/wp\/v2\/pages\/96\/revisions"}],"predecessor-version":[{"id":781,"href":"https:\/\/tus-feldbach.at\/tischtennis\/wp-json\/wp\/v2\/pages\/96\/revisions\/781"}],"wp:attachment":[{"href":"https:\/\/tus-feldbach.at\/tischtennis\/wp-json\/wp\/v2\/media?parent=96"}],"curies":[{"name":"wp","href":"https:\/\/api.w.org\/{rel}","templated":true}]}}