{"id":73,"date":"2022-02-20T20:08:33","date_gmt":"2022-02-20T19:08:33","guid":{"rendered":"https:\/\/rk819nap.at.edis.global\/tischtennis\/?page_id=73"},"modified":"2025-08-28T18:26:39","modified_gmt":"2025-08-28T16:26:39","slug":"news","status":"publish","type":"page","link":"https:\/\/tus-feldbach.at\/tischtennis\/","title":{"rendered":"News"},"content":{"rendered":"<p>[et_pb_section fb_built=&#8220;1&#8243; fullwidth=&#8220;on&#8220; _builder_version=&#8220;4.16&#8243; _module_preset=&#8220;default&#8220; custom_margin=&#8220;||||false|false&#8220; custom_margin_tablet=&#8220;||||false|false&#8220; custom_margin_phone=&#8220;||||false|false&#8220; custom_margin_last_edited=&#8220;on|desktop&#8220; locked=&#8220;off&#8220; global_colors_info=&#8220;{}&#8220;][et_pb_fullwidth_slider show_pagination=&#8220;off&#8220; _builder_version=&#8220;4.16&#8243; _module_preset=&#8220;default&#8220; content_width_tablet=&#8220;&#8220; content_width_phone=&#8220;100%&#8220; content_width_last_edited=&#8220;on|phone&#8220; content_max_width=&#8220;none&#8220; height_tablet=&#8220;&#8220; height_phone=&#8220;225px&#8220; height_last_edited=&#8220;on|phone&#8220; auto=&#8220;on&#8220; auto_speed=&#8220;6000&#8243; global_colors_info=&#8220;{}&#8220;][et_pb_slide _builder_version=&#8220;4.16&#8243; _module_preset=&#8220;default&#8220; background_color=&#8220;#006699&#8243; background_enable_color=&#8220;on&#8220; background_image=&#8220;https:\/\/tus-feldbach.at\/tischtennis\/wp-content\/uploads\/sites\/6\/2022\/02\/Jugend-2022-mit-Trainer-1-391591_slider.png&#8220; background_enable_image=&#8220;on&#8220; global_colors_info=&#8220;{}&#8220; sticky_transition=&#8220;on&#8220;][\/et_pb_slide][et_pb_slide _builder_version=&#8220;4.16&#8243; _module_preset=&#8220;default&#8220; background_color=&#8220;#006699&#8243; background_enable_color=&#8220;on&#8220; background_image=&#8220;https:\/\/tus-feldbach.at\/tischtennis\/wp-content\/uploads\/sites\/6\/2022\/03\/Jugend-1.jpg&#8220; background_enable_image=&#8220;on&#8220; global_colors_info=&#8220;{}&#8220; sticky_transition=&#8220;on&#8220;][\/et_pb_slide][\/et_pb_fullwidth_slider][\/et_pb_section][et_pb_section fb_built=&#8220;1&#8243; _builder_version=&#8220;4.16&#8243; _module_preset=&#8220;default&#8220; width=&#8220;100%&#8220; custom_margin=&#8220;1%||0px||false|false&#8220; custom_margin_tablet=&#8220;2%||||false|false&#8220; custom_margin_phone=&#8220;3%||||false|false&#8220; custom_margin_last_edited=&#8220;on|phone&#8220; custom_padding=&#8220;0px||0px||false|false&#8220; locked=&#8220;off&#8220; global_colors_info=&#8220;{}&#8220;][et_pb_row column_structure=&#8220;3_5,2_5&#8243; use_custom_gutter=&#8220;on&#8220; gutter_width=&#8220;1&#8243; _builder_version=&#8220;4.16&#8243; _module_preset=&#8220;default&#8220; width=&#8220;100%&#8220; max_width=&#8220;none&#8220; custom_margin=&#8220;0px||0px||false|false&#8220; custom_padding=&#8220;0px|1%|0px|1%|false|false&#8220; global_colors_info=&#8220;{}&#8220;][et_pb_column type=&#8220;3_5&#8243; _builder_version=&#8220;4.16&#8243; _module_preset=&#8220;default&#8220; global_colors_info=&#8220;{}&#8220;][et_pb_text _builder_version=&#8220;4.16&#8243; _module_preset=&#8220;default&#8220; background_color=&#8220;#95c100&#8243; min_height=&#8220;56px&#8220; custom_margin=&#8220;0px|1%|0%||false|false&#8220; custom_margin_tablet=&#8220;0%|0%|0%||false|false&#8220; custom_margin_phone=&#8220;|0%|0%||false|false&#8220; custom_margin_last_edited=&#8220;on|phone&#8220; custom_padding=&#8220;12px|3%|2px|3%|false|true&#8220; custom_padding_tablet=&#8220;12px|3%|3px|3%|false|true&#8220; custom_padding_phone=&#8220;|3%||3%|false|true&#8220; custom_padding_last_edited=&#8220;on|desktop&#8220; header_font_size_tablet=&#8220;&#8220; header_font_size_phone=&#8220;&#8220; header_font_size_last_edited=&#8220;on|phone&#8220; border_radii=&#8220;off|10px|||&#8220; global_colors_info=&#8220;{}&#8220;]<\/p>\n<h1><span style=\"color: #ffffff\"><span style=\"color: #ffffff\"><img loading=\"lazy\" decoding=\"async\" src=\"https:\/\/tus-feldbach.at\/tischtennis\/wp-content\/uploads\/sites\/6\/2021\/12\/SportsIcons_blau-tischtennis.png\" alt=\"Icon Schwimmen\" class=\"wp-image-264 alignleft size-full\" width=\"35\" height=\"35\" \/>News Tischtennis<\/span><\/span><\/h1>\n<p>[\/et_pb_text][\/et_pb_column][et_pb_column type=&#8220;2_5&#8243; _builder_version=&#8220;4.16&#8243; _module_preset=&#8220;default&#8220; global_colors_info=&#8220;{}&#8220;][et_pb_text _builder_version=&#8220;4.16&#8243; _module_preset=&#8220;default&#8220; text_line_height=&#8220;1em&#8220; header_text_color=&#8220;#FFFFFF&#8220; background_color=&#8220;#95c100&#8243; min_height=&#8220;56px&#8220; custom_margin=&#8220;0px|0%|0px|1%|false|false&#8220; custom_margin_tablet=&#8220;5%|0%|0%|0%|false|false&#8220; custom_margin_phone=&#8220;3%|0%|0%|0%|false|false&#8220; custom_margin_last_edited=&#8220;on|desktop&#8220; custom_padding=&#8220;12px|3%|0px|3%|false|true&#8220; custom_padding_tablet=&#8220;12px|3%|3px|3%|false|true&#8220; custom_padding_phone=&#8220;12px|3%|3px|3%|false|true&#8220; custom_padding_last_edited=&#8220;on|phone&#8220; header_font_size_tablet=&#8220;1.8em&#8220; header_font_size_phone=&#8220;1.8em&#8220; header_font_size_last_edited=&#8220;on|phone&#8220; border_radii=&#8220;off|10px|||&#8220; global_colors_info=&#8220;{}&#8220;]<\/p>\n<h1 style=\"text-align: left\">Sektion Tischtennis<\/h1>\n<p>[\/et_pb_text][et_pb_text _builder_version=&#8220;4.16&#8243; _module_preset=&#8220;default&#8220; custom_margin=&#8220;29px||3%||false|false&#8220; custom_margin_tablet=&#8220;3%||||false|false&#8220; custom_margin_phone=&#8220;|||&#8220; custom_margin_last_edited=&#8220;on|phone&#8220; custom_padding=&#8220;0px|3%||3%|false|false&#8220; global_colors_info=&#8220;{}&#8220;]<\/p>\n<h2 style=\"text-align: left;\">\u00dcber Uns:<\/h2>\n<p>Karl Fitz begann 1946 die Sektion Tischtennis aufzubauen. In der Oststeiermark bestanden in den 50er Jahren nur in Gleisdorf und Feldbach Tischtennisvereine, die am Meisterschaftsgeschehen teilnahmen. Es kam auch zur Gr\u00fcndung einer Damenmannschaft. Um 1952 stieg die TUS Mannschaft in die 1. Klasse Graz auf. 1979 \u00fcbernahm Ing. Peter Koppendorfer die Sektion. Aktuell wird die Sektion von Mag. (FH) Matthias Danner gef\u00fchrt. Die Jugend wird von Karl Heinz Maitz trainiert.\u00a0<\/p>\n<p>[\/et_pb_text][\/et_pb_column][\/et_pb_row][\/et_pb_section][et_pb_section fb_built=&#8220;1&#8243; _builder_version=&#8220;4.16&#8243; _module_preset=&#8220;default&#8220; width=&#8220;100%&#8220; custom_margin=&#8220;0px|0px|0px|0px|false|false&#8220; custom_margin_tablet=&#8220;0px|0px|0px|0px|false|false&#8220; custom_margin_phone=&#8220;0px|0px|0px|0px|false|false&#8220; custom_margin_last_edited=&#8220;on|desktop&#8220; custom_padding=&#8220;0px|0px|0px|0px|false|false&#8220; locked=&#8220;off&#8220; global_colors_info=&#8220;{}&#8220;][et_pb_row column_structure=&#8220;1_2,1_2&#8243; use_custom_gutter=&#8220;on&#8220; gutter_width=&#8220;1&#8243; make_equal=&#8220;on&#8220; custom_padding_last_edited=&#8220;off|phone&#8220; _builder_version=&#8220;4.16&#8243; _module_preset=&#8220;default&#8220; width=&#8220;100%&#8220; max_width=&#8220;none&#8220; min_height=&#8220;340px&#8220; min_height_tablet=&#8220;&#8220; min_height_phone=&#8220;340px&#8220; min_height_last_edited=&#8220;on|phone&#8220; custom_margin=&#8220;0px|0px|0%|0px|false|false&#8220; custom_margin_tablet=&#8220;||0%||false|false&#8220; custom_margin_phone=&#8220;0px||0%||false|false&#8220; custom_margin_last_edited=&#8220;on|desktop&#8220; custom_padding=&#8220;0px|1%|0%|1%|false|true&#8220; global_colors_info=&#8220;{}&#8220;][et_pb_column type=&#8220;1_2&#8243; disabled_on=&#8220;off|off|off&#8220; _builder_version=&#8220;4.16&#8243; _module_preset=&#8220;default&#8220; global_colors_info=&#8220;{}&#8220;][et_pb_text _builder_version=&#8220;4.16&#8243; _module_preset=&#8220;default&#8220; background_color=&#8220;#95c100&#8243; min_height=&#8220;56px&#8220; custom_margin=&#8220;50px|1%|0%||false|false&#8220; custom_margin_tablet=&#8220;6%|0%|0%||false|false&#8220; custom_margin_phone=&#8220;8%|0%|0%||false|false&#8220; custom_margin_last_edited=&#8220;on|desktop&#8220; custom_padding=&#8220;12px|3%|3px|3%|false|true&#8220; link_option_url=&#8220;https:\/\/tus-feldbach.at\/tischtennis\/termine\/&#8220; border_radii=&#8220;off|10px|||&#8220; global_colors_info=&#8220;{}&#8220;]<\/p>\n<h1><span style=\"color: #ffffff\">Termine<\/span><\/h1>\n<p>[\/et_pb_text][et_pb_blog fullwidth=&#8220;off&#8220; posts_number=&#8220;3&#8243; include_categories=&#8220;5&#8243; show_thumbnail=&#8220;off&#8220; show_author=&#8220;off&#8220; show_date=&#8220;off&#8220; show_categories=&#8220;off&#8220; show_pagination=&#8220;off&#8220; _builder_version=&#8220;4.16&#8243; _module_preset=&#8220;4cc5bff7-2001-4128-8a2b-2ab27ef9e280&#8243; custom_margin=&#8220;10px|1%|0px||false|false&#8220; custom_margin_tablet=&#8220;1%||||false|false&#8220; custom_margin_phone=&#8220;||0px||false|false&#8220; custom_margin_last_edited=&#8220;on|phone&#8220; custom_padding=&#8220;0px|0%|0px|0%|false|true&#8220; custom_padding_tablet=&#8220;0px|0%|0px|0%|false|true&#8220; custom_padding_phone=&#8220;0px|0%|0px|0%|false|true&#8220; custom_padding_last_edited=&#8220;on|desktop&#8220; hover_enabled=&#8220;0&#8243; border_width_all=&#8220;0px&#8220; border_width_right=&#8220;0px&#8220; border_radii_image=&#8220;off||||&#8220; global_colors_info=&#8220;{}&#8220; sticky_enabled=&#8220;0&#8243;][\/et_pb_blog][\/et_pb_column][et_pb_column type=&#8220;1_2&#8243; _builder_version=&#8220;4.16&#8243; _module_preset=&#8220;default&#8220; global_colors_info=&#8220;{}&#8220;][et_pb_text _builder_version=&#8220;4.16&#8243; _module_preset=&#8220;default&#8220; background_color=&#8220;#95c100&#8243; min_height=&#8220;56px&#8220; custom_margin=&#8220;50px||0%|1%|false|false&#8220; custom_margin_tablet=&#8220;6%|0%|0%||false|false&#8220; custom_margin_phone=&#8220;2%|0%|0%||false|false&#8220; custom_margin_last_edited=&#8220;on|phone&#8220; custom_padding=&#8220;12px|3%|3px|3%|false|true&#8220; link_option_url=&#8220;https:\/\/tus-feldbach.at\/tischtennis\/sponsoren\/&#8220; border_radii=&#8220;off|10px|||&#8220; global_colors_info=&#8220;{}&#8220;]<\/p>\n<h1><span style=\"color: #ffffff\">Sponsoren<\/span><\/h1>\n<p>[\/et_pb_text][et_pb_text _builder_version=&#8220;4.16&#8243; _module_preset=&#8220;default&#8220; custom_margin=&#8220;25px||3%||false|false&#8220; custom_margin_tablet=&#8220;3%||||false|false&#8220; custom_margin_phone=&#8220;||3%||false|false&#8220; custom_margin_last_edited=&#8220;on|phone&#8220; custom_padding=&#8220;0px|3%||3%|false|false&#8220; locked=&#8220;off&#8220; global_colors_info=&#8220;{}&#8220;]<\/p>\n<p style=\"text-align: center\">Wir bedanken uns bei unseren Sponsoren des TUS-Feldbach f\u00fcr die tatkr\u00e4ftige Unterst\u00fctzung<\/p>\n<p>[\/et_pb_text][et_pb_gallery gallery_ids=&#8220;30,31,26,586&#8243; fullwidth=&#8220;on&#8220; module_id=&#8220;sponsoren_slider&#8220; module_class=&#8220;sponsoren_slider&#8220; _builder_version=&#8220;4.27.4&#8243; _module_preset=&#8220;default&#8220; pagination_font=&#8220;|300|||||||&#8220; pagination_text_color=&#8220;RGBA(0,0,0,0)&#8220; z_index=&#8220;0&#8243; background_layout=&#8220;dark&#8220; width=&#8220;324px&#8220; module_alignment=&#8220;center&#8220; height=&#8220;324px&#8220; max_height=&#8220;324px&#8220; custom_margin=&#8220;||||false|false&#8220; custom_padding=&#8220;0px||||false|false&#8220; animation_direction=&#8220;right&#8220; auto=&#8220;on&#8220; auto_speed=&#8220;5000&#8243; global_colors_info=&#8220;{}&#8220;][\/et_pb_gallery][\/et_pb_column][\/et_pb_row][\/et_pb_section]<\/p>\n","protected":false},"excerpt":{"rendered":"<p>News TischtennisSektion Tischtennis\u00dcber Uns: Karl Fitz begann 1946 die Sektion Tischtennis aufzubauen. In der Oststeiermark bestanden in den 50er Jahren nur in Gleisdorf und Feldbach Tischtennisvereine, die am Meisterschaftsgeschehen teilnahmen. Es kam auch zur Gr\u00fcndung einer Damenmannschaft. Um 1952 stieg die TUS Mannschaft in die 1. Klasse Graz auf. 1979 \u00fcbernahm Ing. Peter Koppendorfer die [&hellip;]<\/p>\n","protected":false},"author":8,"featured_media":0,"parent":0,"menu_order":0,"comment_status":"closed","ping_status":"closed","template":"","meta":{"_et_pb_use_builder":"on","_et_pb_old_content":"","_et_gb_content_width":"","footnotes":""},"class_list":["post-73","page","type-page","status-publish","hentry"],"_links":{"self":[{"href":"https:\/\/tus-feldbach.at\/tischtennis\/wp-json\/wp\/v2\/pages\/73","targetHints":{"allow":["GET"]}}],"collection":[{"href":"https:\/\/tus-feldbach.at\/tischtennis\/wp-json\/wp\/v2\/pages"}],"about":[{"href":"https:\/\/tus-feldbach.at\/tischtennis\/wp-json\/wp\/v2\/types\/page"}],"author":[{"embeddable":true,"href":"https:\/\/tus-feldbach.at\/tischtennis\/wp-json\/wp\/v2\/users\/8"}],"replies":[{"embeddable":true,"href":"https:\/\/tus-feldbach.at\/tischtennis\/wp-json\/wp\/v2\/comments?post=73"}],"version-history":[{"count":71,"href":"https:\/\/tus-feldbach.at\/tischtennis\/wp-json\/wp\/v2\/pages\/73\/revisions"}],"predecessor-version":[{"id":791,"href":"https:\/\/tus-feldbach.at\/tischtennis\/wp-json\/wp\/v2\/pages\/73\/revisions\/791"}],"wp:attachment":[{"href":"https:\/\/tus-feldbach.at\/tischtennis\/wp-json\/wp\/v2\/media?parent=73"}],"curies":[{"name":"wp","href":"https:\/\/api.w.org\/{rel}","templated":true}]}}