{"id":71,"date":"2021-12-22T20:32:27","date_gmt":"2021-12-22T19:32:27","guid":{"rendered":"https:\/\/rk819nap.at.edis.global\/leichtathletik\/?page_id=71"},"modified":"2024-03-11T18:15:02","modified_gmt":"2024-03-11T17:15:02","slug":"news","status":"publish","type":"page","link":"https:\/\/tus-feldbach.at\/leichtathletik\/","title":{"rendered":"News"},"content":{"rendered":"<p>[et_pb_section fb_built=&#8220;1&#8243; fullwidth=&#8220;on&#8220; _builder_version=&#8220;4.16&#8243; _module_preset=&#8220;default&#8220; background_color=&#8220;#FF3624&#8243; custom_margin=&#8220;||||false|false&#8220; custom_margin_tablet=&#8220;||||false|false&#8220; custom_margin_phone=&#8220;||||false|false&#8220; custom_margin_last_edited=&#8220;on|desktop&#8220; locked=&#8220;off&#8220; global_colors_info=&#8220;{}&#8220;][et_pb_fullwidth_slider show_pagination=&#8220;off&#8220; _builder_version=&#8220;4.17.6&#8243; _module_preset=&#8220;default&#8220; background_color=&#8220;#FF3624&#8243; background_image=&#8220;https:\/\/tus-feldbach.at\/leichtathletik\/wp-content\/uploads\/sites\/9\/2022\/04\/Rahmenbewerb-Jugend-mixed-Start2.jpg&#8220; content_width_tablet=&#8220;&#8220; content_width_phone=&#8220;100%&#8220; content_width_last_edited=&#8220;on|phone&#8220; content_max_width=&#8220;none&#8220; height_tablet=&#8220;&#8220; height_phone=&#8220;225px&#8220; height_last_edited=&#8220;on|phone&#8220; auto=&#8220;on&#8220; auto_speed=&#8220;6000&#8243; global_colors_info=&#8220;{}&#8220;][et_pb_slide _builder_version=&#8220;4.17.6&#8243; _module_preset=&#8220;default&#8220; background_color=&#8220;#006699&#8243; background_enable_color=&#8220;on&#8220; background_image=&#8220;https:\/\/tus-feldbach.at\/leichtathletik\/wp-content\/uploads\/sites\/9\/2022\/01\/IMG_2503.jpg&#8220; background_enable_image=&#8220;on&#8220; global_colors_info=&#8220;{}&#8220; sticky_transition=&#8220;on&#8220;][\/et_pb_slide][et_pb_slide _builder_version=&#8220;4.17.6&#8243; _module_preset=&#8220;default&#8220; background_color=&#8220;#006699&#8243; background_enable_color=&#8220;on&#8220; background_image=&#8220;https:\/\/tus-feldbach.at\/leichtathletik\/wp-content\/uploads\/sites\/9\/2022\/04\/Start1b.jpg&#8220; background_enable_image=&#8220;on&#8220; global_colors_info=&#8220;{}&#8220; sticky_transition=&#8220;on&#8220;][\/et_pb_slide][et_pb_slide _builder_version=&#8220;4.17.6&#8243; _module_preset=&#8220;default&#8220; background_color=&#8220;#006699&#8243; background_enable_color=&#8220;on&#8220; background_image=&#8220;https:\/\/tus-feldbach.at\/leichtathletik\/wp-content\/uploads\/sites\/9\/2022\/04\/Rahmenbewerb-Jugend-mixed-Start2.jpg&#8220; background_enable_image=&#8220;on&#8220; global_colors_info=&#8220;{}&#8220; sticky_transition=&#8220;on&#8220;][\/et_pb_slide][\/et_pb_fullwidth_slider][\/et_pb_section][et_pb_section fb_built=&#8220;1&#8243; _builder_version=&#8220;4.16&#8243; _module_preset=&#8220;default&#8220; width=&#8220;100%&#8220; custom_margin=&#8220;1%||0px||false|false&#8220; custom_margin_tablet=&#8220;2%||||false|false&#8220; custom_margin_phone=&#8220;3%||||false|false&#8220; custom_margin_last_edited=&#8220;on|phone&#8220; custom_padding=&#8220;0px||0px||false|false&#8220; locked=&#8220;off&#8220; global_colors_info=&#8220;{}&#8220;][et_pb_row column_structure=&#8220;3_5,2_5&#8243; use_custom_gutter=&#8220;on&#8220; gutter_width=&#8220;1&#8243; _builder_version=&#8220;4.16&#8243; _module_preset=&#8220;default&#8220; width=&#8220;100%&#8220; max_width=&#8220;none&#8220; custom_margin=&#8220;0px||0px||false|false&#8220; custom_padding=&#8220;0px|1%|0px|1%|false|false&#8220; global_colors_info=&#8220;{}&#8220;][et_pb_column type=&#8220;3_5&#8243; _builder_version=&#8220;4.16&#8243; _module_preset=&#8220;default&#8220; global_colors_info=&#8220;{}&#8220;][et_pb_text _builder_version=&#8220;4.16&#8243; _module_preset=&#8220;default&#8220; background_color=&#8220;#ff0000&#8243; min_height=&#8220;56px&#8220; custom_margin=&#8220;0px|1%|0%||false|false&#8220; custom_margin_tablet=&#8220;0%|0%|0%||false|false&#8220; custom_margin_phone=&#8220;|0%|0%||false|false&#8220; custom_margin_last_edited=&#8220;on|phone&#8220; custom_padding=&#8220;12px|3%|2px|3%|false|true&#8220; custom_padding_tablet=&#8220;12px|3%|3px|3%|false|true&#8220; custom_padding_phone=&#8220;|3%||3%|false|true&#8220; custom_padding_last_edited=&#8220;on|desktop&#8220; header_font_size_tablet=&#8220;&#8220; header_font_size_phone=&#8220;&#8220; header_font_size_last_edited=&#8220;on|phone&#8220; border_radii=&#8220;off|10px|||&#8220; global_colors_info=&#8220;{}&#8220;]<\/p>\n<h1><span style=\"color: #ffffff\"><span style=\"color: #ffffff\"><img loading=\"lazy\" decoding=\"async\" src=\"https:\/\/tus-feldbach.at\/leichtathletik\/wp-content\/uploads\/sites\/9\/2021\/12\/SportsIcons_blau-leichtathletik.png\" alt=\"Icon Schwimmen\" class=\"wp-image-264 alignleft size-full\" width=\"35\" height=\"35\" \/>News <\/span><\/span><span style=\"color: #ffffff\">Leichtathletik<\/span><\/h1>\n<p>[\/et_pb_text][et_pb_blog posts_number=&#8220;20&#8243; include_categories=&#8220;4&#8243; meta_date=&#8220;j. F Y&#8220; show_more=&#8220;on&#8220; show_author=&#8220;off&#8220; show_categories=&#8220;off&#8220; show_pagination=&#8220;off&#8220; module_id=&#8220;news_startseite&#8220; _builder_version=&#8220;4.24.2&#8243; _module_preset=&#8220;a8883ceb-b871-455c-ace5-18bf2490e31a&#8220; width_tablet=&#8220;&#8220; width_phone=&#8220;99%&#8220; width_last_edited=&#8220;on|phone&#8220; min_height=&#8220;1580.9px&#8220; custom_margin=&#8220;0px|1%|0px||false|false&#8220; custom_margin_tablet=&#8220;3%|0%|||false|false&#8220; custom_margin_phone=&#8220;&#8220; custom_margin_last_edited=&#8220;on|desktop&#8220; custom_padding=&#8220;0px|3%|0px|3%|false|true&#8220; custom_padding_tablet=&#8220;&#8220; custom_padding_phone=&#8220;||1%||false|true&#8220; custom_padding_last_edited=&#8220;on|phone&#8220; hover_enabled=&#8220;0&#8243; border_radii_image=&#8220;off||||&#8220; global_colors_info=&#8220;{}&#8220; show_content__hover_enabled=&#8220;off|desktop&#8220; show_thumbnail__hover_enabled=&#8220;on|desktop&#8220; show_thumbnail__hover=&#8220;on&#8220; show_more__hover_enabled=&#8220;on|desktop&#8220; show_more__hover=&#8220;on&#8220; sticky_enabled=&#8220;0&#8243;][\/et_pb_blog][\/et_pb_column][et_pb_column type=&#8220;2_5&#8243; _builder_version=&#8220;4.16&#8243; _module_preset=&#8220;default&#8220; global_colors_info=&#8220;{}&#8220;][et_pb_text _builder_version=&#8220;4.16&#8243; _module_preset=&#8220;default&#8220; text_line_height=&#8220;1em&#8220; header_text_color=&#8220;#FFFFFF&#8220; background_color=&#8220;#ff0000&#8243; min_height=&#8220;56px&#8220; custom_margin=&#8220;0px|0%|0px|1%|false|false&#8220; custom_margin_tablet=&#8220;5%|0%|0%|0%|false|false&#8220; custom_margin_phone=&#8220;3%|0%|0%|0%|false|false&#8220; custom_margin_last_edited=&#8220;on|desktop&#8220; custom_padding=&#8220;12px|3%|2px|3%|false|true&#8220; custom_padding_tablet=&#8220;12px|3%|3px|3%|false|true&#8220; custom_padding_phone=&#8220;12px|3%|3px|3%|false|true&#8220; custom_padding_last_edited=&#8220;on|phone&#8220; link_option_url=&#8220;https:\/\/tus-feldbach.at\/leichtathletik\/info-leichtathletik&#8220; header_font_size_tablet=&#8220;1.8em&#8220; header_font_size_phone=&#8220;1.8em&#8220; header_font_size_last_edited=&#8220;on|phone&#8220; border_radii=&#8220;off|10px|||&#8220; global_colors_info=&#8220;{}&#8220;]<\/p>\n<h1 style=\"text-align: left\">Sektion <span style=\"color: #ffffff\">Leichtathletik<\/span><\/h1>\n<p>[\/et_pb_text][et_pb_text _builder_version=&#8220;4.16&#8243; _module_preset=&#8220;default&#8220; custom_margin=&#8220;29px||3%||false|false&#8220; custom_margin_tablet=&#8220;3%||||false|false&#8220; custom_margin_phone=&#8220;|||&#8220; custom_margin_last_edited=&#8220;on|phone&#8220; custom_padding=&#8220;0px|3%||3%|false|false&#8220; global_colors_info=&#8220;{}&#8220;]<\/p>\n<h2 style=\"text-align: left\">Aktuell:<\/h2>\n<p style=\"text-align: left\">Die TUS &#8211; Leichathleten erzielten in allen vergangenen Jahren etliche Erfolge bei diversen Meisterschaften sowohl unter den Junioren als auch bei den Masters-Bewerben, unter anderem wurde <strong>2020<\/strong> die <strong>Vereinsmeisterschaft <\/strong>des \u00d6sterreichischen Gehercups <strong>gewonnen<\/strong>. <strong>NEUEINSTEIGER <\/strong>f\u00fcr alle Disziplinen sind f\u00fcr jede Altersklasse herzlich willkommen, sowohl Anf\u00e4nger als auch Fortgeschrittene. Kontake bei Interesse findest du <a href=\"https:\/\/tus-feldbach.at\/leichtathletik\/kontakt\/\">hier &gt;&gt;<\/a><\/p>\n<p style=\"margin: 0px;padding: 0px 0px 10px;border: 0px;font-size: 23px;vertical-align: baseline;background: #ffffff;color: #666666;line-height: 1.1em;font-weight: 500;font-family: 'Open Sans', Arial, sans-serif;font-style: normal;letter-spacing: normal;text-align: left;text-indent: 0px;text-transform: none\">Ausstattung:<\/p>\n<p style=\"text-align: left\">400 m Laufbahn und Leichtathletikanlage f\u00fcr alle Leichtathletiksportarten wie Kugelsto\u00dfen \/ Speerwerfen \/ Weitsprung \/ Dreisprung \/ Hammerwerfen \/ H\u00fcrdenlauf \/ Stabhochsprung<a href=\"https:\/\/tus-feldbach.at\/leichtathletik\/info-leichtathletik\/\" style=\"margin: 0px;padding: 0px;border: 0px;font-size: 15px;vertical-align: baseline;background: #ffffff;color: #2ea3f2;text-decoration: none;font-family: 'Open Sans', Arial, sans-serif;font-style: normal;font-weight: 500;letter-spacing: normal;text-align: left;text-indent: 0px;text-transform: none\"> \u2026weiter lesen<\/a><\/p>\n<p>[\/et_pb_text][et_pb_image src=&#8220;https:\/\/tus-feldbach.at\/leichtathletik\/wp-content\/uploads\/sites\/9\/2023\/08\/Christian-Speerwurf.jpg&#8220; title_text=&#8220;Christian-Speerwurf&#8220; _builder_version=&#8220;4.22.1&#8243; _module_preset=&#8220;default&#8220; global_colors_info=&#8220;{}&#8220;][\/et_pb_image][et_pb_text _builder_version=&#8220;4.16&#8243; _module_preset=&#8220;default&#8220; background_color=&#8220;#ff0000&#8243; min_height=&#8220;56px&#8220; custom_margin=&#8220;50px|1%|0%||false|false&#8220; custom_margin_tablet=&#8220;6%|0%|0%||false|false&#8220; custom_margin_phone=&#8220;8%|0%|0%||false|false&#8220; custom_margin_last_edited=&#8220;on|desktop&#8220; custom_padding=&#8220;12px|3%|3px|3%|false|true&#8220; link_option_url=&#8220;https:\/\/tus-feldbach.at\/leichtathletik\/Termine\/&#8220; border_radii=&#8220;off|10px|||&#8220; global_colors_info=&#8220;{}&#8220;]<\/p>\n<h1><span style=\"color: #ffffff\">Termine<\/span><\/h1>\n<p>[\/et_pb_text][et_pb_blog fullwidth=&#8220;off&#8220; posts_number=&#8220;3&#8243; include_categories=&#8220;5&#8243; show_thumbnail=&#8220;off&#8220; show_author=&#8220;off&#8220; show_date=&#8220;off&#8220; show_categories=&#8220;off&#8220; show_pagination=&#8220;off&#8220; _builder_version=&#8220;4.16.0&#8243; _dynamic_attributes=&#8220;link_option_url&#8220; _module_preset=&#8220;a8883ceb-b871-455c-ace5-18bf2490e31a&#8220; custom_margin=&#8220;10px|1%|0px||false|false&#8220; custom_margin_tablet=&#8220;1%||||false|false&#8220; custom_margin_phone=&#8220;||0px||false|false&#8220; custom_margin_last_edited=&#8220;on|phone&#8220; custom_padding=&#8220;0px|0%|0px|0%|false|true&#8220; custom_padding_tablet=&#8220;0px|0%|0px|0%|false|true&#8220; custom_padding_phone=&#8220;0px|0%|0px|0%|false|true&#8220; custom_padding_last_edited=&#8220;on|desktop&#8220; link_option_url=&#8220;@ET-DC@eyJkeW5hbWljIjp0cnVlLCJjb250ZW50IjoicG9zdF9saW5rX3VybF9wb3N0Iiwic2V0dGluZ3MiOnsicG9zdF9pZCI6IjMzNiIsImVuYWJsZV9odG1sIjoib2ZmIn19@&#8220; border_width_all=&#8220;0px&#8220; border_width_right=&#8220;0px&#8220; border_radii_image=&#8220;off||||&#8220; global_colors_info=&#8220;{}&#8220;][\/et_pb_blog][et_pb_text _builder_version=&#8220;4.16&#8243; _module_preset=&#8220;default&#8220; background_color=&#8220;#ff0000&#8243; width_tablet=&#8220;&#8220; width_phone=&#8220;&#8220; width_last_edited=&#8220;on|phone&#8220; custom_margin=&#8220;0px|0px|0px|0px|false|true&#8220; custom_margin_tablet=&#8220;8%||0%||false|true&#8220; custom_margin_phone=&#8220;12%||||false|true&#8220; custom_margin_last_edited=&#8220;on|phone&#8220; custom_padding=&#8220;12px|1.5em|3px|1.5em|false|true&#8220; custom_padding_tablet=&#8220;|1.5em||1.5em|false|true&#8220; custom_padding_phone=&#8220;|3%||3%|false|true&#8220; custom_padding_last_edited=&#8220;on|phone&#8220; link_option_url=&#8220;https:\/\/tus-feldbach.at\/leichtathletik\/trainingszeiten&#8220; border_radii=&#8220;off|10px|||&#8220; global_colors_info=&#8220;{}&#8220;]<\/p>\n<h1><span style=\"color: #ffffff\">Trainingszeiten<\/span><\/h1>\n<p>[\/et_pb_text][et_pb_text _builder_version=&#8220;4.16&#8243; _module_preset=&#8220;default&#8220; custom_margin=&#8220;3%||||false|false&#8220; custom_padding=&#8220;|3%||3%|false|true&#8220; global_colors_info=&#8220;{}&#8220;]<\/p>\n<p>Jeden Dienstag ab 17:30 im Stadion Feldbach (Freizeitzentrum) Eingang Grazerstra\u00dfe<\/p>\n<p>[\/et_pb_text][et_pb_text _builder_version=&#8220;4.16&#8243; _module_preset=&#8220;default&#8220; background_color=&#8220;#ff0000&#8243; min_height=&#8220;56px&#8220; custom_margin=&#8220;50px||0%|1%|false|false&#8220; custom_margin_tablet=&#8220;6%|0%|0%||false|false&#8220; custom_margin_phone=&#8220;2%|0%|0%||false|false&#8220; custom_margin_last_edited=&#8220;on|phone&#8220; custom_padding=&#8220;12px|3%|3px|3%|false|true&#8220; link_option_url=&#8220;https:\/\/tus-feldbach.at\/leichtathletik\/sponsoren\/&#8220; border_radii=&#8220;off|10px|||&#8220; global_colors_info=&#8220;{}&#8220;]<\/p>\n<h1><span style=\"color: #ffffff\">Sponsoren<\/span><\/h1>\n<p>[\/et_pb_text][et_pb_text _builder_version=&#8220;4.16&#8243; _module_preset=&#8220;default&#8220; custom_margin=&#8220;25px||3%||false|false&#8220; custom_margin_tablet=&#8220;3%||||false|false&#8220; custom_margin_phone=&#8220;||3%||false|false&#8220; custom_margin_last_edited=&#8220;on|phone&#8220; custom_padding=&#8220;0px|3%||3%|false|false&#8220; locked=&#8220;off&#8220; global_colors_info=&#8220;{}&#8220;]<\/p>\n<p style=\"text-align: center\">Wir bedanken uns bei unseren Sponsoren des TUS-Feldbach f\u00fcr die tatkr\u00e4ftige Unterst\u00fctzung<\/p>\n<p>[\/et_pb_text][et_pb_gallery gallery_ids=&#8220;58,53,52,44,29,39,32,57,50,30,342&#8243; fullwidth=&#8220;on&#8220; module_id=&#8220;sponsoren_slider&#8220; module_class=&#8220;sponsoren_slider&#8220; _builder_version=&#8220;4.16&#8243; _module_preset=&#8220;default&#8220; pagination_font=&#8220;|300|||||||&#8220; pagination_text_color=&#8220;RGBA(0,0,0,0)&#8220; z_index=&#8220;0&#8243; background_layout=&#8220;dark&#8220; width=&#8220;324px&#8220; module_alignment=&#8220;center&#8220; height=&#8220;324px&#8220; max_height=&#8220;324px&#8220; custom_margin=&#8220;||||false|false&#8220; custom_padding=&#8220;0px||||false|false&#8220; animation_direction=&#8220;right&#8220; auto=&#8220;on&#8220; auto_speed=&#8220;5000&#8243; global_colors_info=&#8220;{}&#8220;][\/et_pb_gallery][\/et_pb_column][\/et_pb_row][\/et_pb_section]<\/p>\n","protected":false},"excerpt":{"rendered":"<p>News LeichtathletikSektion LeichtathletikAktuell: Die TUS &#8211; Leichathleten erzielten in allen vergangenen Jahren etliche Erfolge bei diversen Meisterschaften sowohl unter den Junioren als auch bei den Masters-Bewerben, unter anderem wurde 2020 die Vereinsmeisterschaft des \u00d6sterreichischen Gehercups gewonnen. NEUEINSTEIGER f\u00fcr alle Disziplinen sind f\u00fcr jede Altersklasse herzlich willkommen, sowohl Anf\u00e4nger als auch Fortgeschrittene. Kontake bei Interesse findest [&hellip;]<\/p>\n","protected":false},"author":1,"featured_media":0,"parent":0,"menu_order":0,"comment_status":"closed","ping_status":"closed","template":"","meta":{"_et_pb_use_builder":"on","_et_pb_old_content":"","_et_gb_content_width":"","footnotes":""},"class_list":["post-71","page","type-page","status-publish","hentry"],"_links":{"self":[{"href":"https:\/\/tus-feldbach.at\/leichtathletik\/wp-json\/wp\/v2\/pages\/71","targetHints":{"allow":["GET"]}}],"collection":[{"href":"https:\/\/tus-feldbach.at\/leichtathletik\/wp-json\/wp\/v2\/pages"}],"about":[{"href":"https:\/\/tus-feldbach.at\/leichtathletik\/wp-json\/wp\/v2\/types\/page"}],"author":[{"embeddable":true,"href":"https:\/\/tus-feldbach.at\/leichtathletik\/wp-json\/wp\/v2\/users\/1"}],"replies":[{"embeddable":true,"href":"https:\/\/tus-feldbach.at\/leichtathletik\/wp-json\/wp\/v2\/comments?post=71"}],"version-history":[{"count":55,"href":"https:\/\/tus-feldbach.at\/leichtathletik\/wp-json\/wp\/v2\/pages\/71\/revisions"}],"predecessor-version":[{"id":1199,"href":"https:\/\/tus-feldbach.at\/leichtathletik\/wp-json\/wp\/v2\/pages\/71\/revisions\/1199"}],"wp:attachment":[{"href":"https:\/\/tus-feldbach.at\/leichtathletik\/wp-json\/wp\/v2\/media?parent=71"}],"curies":[{"name":"wp","href":"https:\/\/api.w.org\/{rel}","templated":true}]}}