{"id":5,"date":"2021-12-22T20:53:18","date_gmt":"2021-12-22T19:53:18","guid":{"rendered":"https:\/\/rk819nap.at.edis.global\/funsport\/?page_id=5"},"modified":"2022-12-10T00:33:34","modified_gmt":"2022-12-09T23:33:34","slug":"news","status":"publish","type":"page","link":"https:\/\/tus-feldbach.at\/funsport\/","title":{"rendered":"News"},"content":{"rendered":"<p>[et_pb_section fb_built=&#8220;1&#8243; fullwidth=&#8220;on&#8220; _builder_version=&#8220;4.16&#8243; _module_preset=&#8220;default&#8220; custom_margin=&#8220;||||false|false&#8220; custom_margin_tablet=&#8220;||||false|false&#8220; custom_margin_phone=&#8220;||||false|false&#8220; custom_margin_last_edited=&#8220;on|desktop&#8220; locked=&#8220;off&#8220; global_colors_info=&#8220;{}&#8220;][et_pb_fullwidth_slider show_pagination=&#8220;off&#8220; _builder_version=&#8220;4.17.6&#8243; _module_preset=&#8220;default&#8220; content_width_tablet=&#8220;&#8220; content_width_phone=&#8220;100%&#8220; content_width_last_edited=&#8220;on|phone&#8220; content_max_width=&#8220;none&#8220; height_tablet=&#8220;&#8220; height_phone=&#8220;225px&#8220; height_last_edited=&#8220;on|phone&#8220; auto=&#8220;on&#8220; auto_speed=&#8220;6000&#8243; hover_enabled=&#8220;0&#8243; global_colors_info=&#8220;{}&#8220; sticky_enabled=&#8220;0&#8243;][et_pb_slide _builder_version=&#8220;4.17.6&#8243; _module_preset=&#8220;default&#8220; background_color=&#8220;#00B9C6&#8243; background_enable_color=&#8220;on&#8220; background_image=&#8220;https:\/\/tus-feldbach.at\/funsport\/wp-content\/uploads\/sites\/12\/2022\/01\/DSC_9055.jpg&#8220; background_enable_image=&#8220;on&#8220; hover_enabled=&#8220;0&#8243; global_colors_info=&#8220;{}&#8220; sticky_transition=&#8220;on&#8220; title_text=&#8220;DSC_9055&#8243; sticky_enabled=&#8220;0&#8243;][\/et_pb_slide][et_pb_slide _builder_version=&#8220;4.17.6&#8243; _module_preset=&#8220;default&#8220; background_color=&#8220;#00B9C6&#8243; background_enable_color=&#8220;on&#8220; background_image=&#8220;https:\/\/tus-feldbach.at\/funsport\/wp-content\/uploads\/sites\/12\/2022\/01\/DSC_8986-1.jpg&#8220; background_enable_image=&#8220;on&#8220; hover_enabled=&#8220;0&#8243; global_colors_info=&#8220;{}&#8220; sticky_transition=&#8220;on&#8220; title_text=&#8220;DSC_8986-1&#8243; sticky_enabled=&#8220;0&#8243;][\/et_pb_slide][\/et_pb_fullwidth_slider][\/et_pb_section][et_pb_section fb_built=&#8220;1&#8243; _builder_version=&#8220;4.16&#8243; _module_preset=&#8220;default&#8220; width=&#8220;100%&#8220; custom_margin=&#8220;1%||0px||false|false&#8220; custom_margin_tablet=&#8220;2%||||false|false&#8220; custom_margin_phone=&#8220;3%||||false|false&#8220; custom_margin_last_edited=&#8220;on|phone&#8220; custom_padding=&#8220;0px||0px||false|false&#8220; locked=&#8220;off&#8220; global_colors_info=&#8220;{}&#8220;][et_pb_row column_structure=&#8220;3_5,2_5&#8243; use_custom_gutter=&#8220;on&#8220; gutter_width=&#8220;1&#8243; _builder_version=&#8220;4.16&#8243; _module_preset=&#8220;default&#8220; width=&#8220;100%&#8220; max_width=&#8220;none&#8220; custom_margin=&#8220;0px||0px||false|false&#8220; custom_padding=&#8220;0px|1%|0px|1%|false|false&#8220; global_colors_info=&#8220;{}&#8220;][et_pb_column type=&#8220;3_5&#8243; _builder_version=&#8220;4.16&#8243; _module_preset=&#8220;default&#8220; global_colors_info=&#8220;{}&#8220;][et_pb_text _builder_version=&#8220;4.16&#8243; _module_preset=&#8220;default&#8220; background_color=&#8220;#00B9C6&#8243; min_height=&#8220;56px&#8220; custom_margin=&#8220;0px|1%|0%||false|false&#8220; custom_margin_tablet=&#8220;0%|0%|0%||false|false&#8220; custom_margin_phone=&#8220;|0%|0%||false|false&#8220; custom_margin_last_edited=&#8220;on|phone&#8220; custom_padding=&#8220;12px|3%|0px|3%|false|true&#8220; custom_padding_tablet=&#8220;12px|3%|3px|3%|false|true&#8220; custom_padding_phone=&#8220;|3%||3%|false|true&#8220; custom_padding_last_edited=&#8220;on|desktop&#8220; header_font_size_tablet=&#8220;&#8220; header_font_size_phone=&#8220;&#8220; header_font_size_last_edited=&#8220;on|phone&#8220; border_radii=&#8220;off|10px|||&#8220; global_colors_info=&#8220;{}&#8220;]<\/p>\n<h1><span style=\"color: #ffffff;\"><span style=\"color: #ffffff;\"><img loading=\"lazy\" decoding=\"async\" src=\"https:\/\/tus-feldbach.at\/funsport\/wp-content\/uploads\/sites\/12\/2022\/01\/SportsIcons_blau-radsport-e1642201060349.png\" class=\"wp-image-264 alignleft size-full\" width=\"35\" height=\"35\" \/>News FunSport <\/span><\/span><span style=\"color: #ffffff;\"><span style=\"color: #ffffff;\"><\/span><\/span><\/h1>\n<p>[\/et_pb_text][et_pb_blog posts_number=&#8220;3&#8243; include_categories=&#8220;4&#8243; meta_date=&#8220;j. F Y&#8220; show_author=&#8220;off&#8220; show_categories=&#8220;off&#8220; show_pagination=&#8220;off&#8220; module_id=&#8220;news_startseite&#8220; _builder_version=&#8220;4.16&#8243; _module_preset=&#8220;96ecd917-b12f-4f94-bf9f-94f33ad8b3a3&#8243; width_tablet=&#8220;&#8220; width_phone=&#8220;99%&#8220; width_last_edited=&#8220;on|phone&#8220; custom_margin=&#8220;0px|1%|0px||false|false&#8220; custom_margin_tablet=&#8220;3%|0%|||false|false&#8220; custom_margin_phone=&#8220;&#8220; custom_margin_last_edited=&#8220;on|desktop&#8220; custom_padding=&#8220;0px|3%|0px|3%|false|true&#8220; custom_padding_tablet=&#8220;&#8220; custom_padding_phone=&#8220;||1%||false|true&#8220; custom_padding_last_edited=&#8220;on|phone&#8220; border_radii_image=&#8220;off||||&#8220; global_colors_info=&#8220;{}&#8220; show_content__hover_enabled=&#8220;off|desktop&#8220; show_thumbnail__hover_enabled=&#8220;on|desktop&#8220; show_thumbnail__hover=&#8220;on&#8220;][\/et_pb_blog][\/et_pb_column][et_pb_column type=&#8220;2_5&#8243; _builder_version=&#8220;4.16&#8243; _module_preset=&#8220;default&#8220; global_colors_info=&#8220;{}&#8220;][et_pb_text _builder_version=&#8220;4.16&#8243; _module_preset=&#8220;default&#8220; text_line_height=&#8220;1em&#8220; header_text_color=&#8220;#FFFFFF&#8220; background_color=&#8220;#00B9C6&#8243; min_height=&#8220;56px&#8220; custom_margin=&#8220;0px|0%|0px|1%|false|false&#8220; custom_margin_tablet=&#8220;5%|0%|0%|0%|false|false&#8220; custom_margin_phone=&#8220;3%|0%|0%|0%|false|false&#8220; custom_margin_last_edited=&#8220;on|desktop&#8220; custom_padding=&#8220;12px|3%|2px|3%|false|true&#8220; custom_padding_tablet=&#8220;12px|3%|3px|3%|false|true&#8220; custom_padding_phone=&#8220;12px|3%|3px|3%|false|true&#8220; custom_padding_last_edited=&#8220;on|phone&#8220; header_font_size_tablet=&#8220;1.8em&#8220; header_font_size_phone=&#8220;1.8em&#8220; header_font_size_last_edited=&#8220;on|phone&#8220; border_radii=&#8220;off|10px|||&#8220; global_colors_info=&#8220;{}&#8220;]<\/p>\n<h1 style=\"text-align: left;\">Sektion <span style=\"color: #ffffff;\">FunSport<\/span><\/h1>\n<p>[\/et_pb_text][et_pb_text _builder_version=&#8220;4.16&#8243; _module_preset=&#8220;default&#8220; custom_margin=&#8220;29px||3%||false|false&#8220; custom_margin_tablet=&#8220;3%||||false|false&#8220; custom_margin_phone=&#8220;|||&#8220; custom_margin_last_edited=&#8220;on|phone&#8220; custom_padding=&#8220;0px|3%||3%|false|false&#8220; global_colors_info=&#8220;{}&#8220;]<\/p>\n<h2 style=\"text-align: left;\">Aktuell:<\/h2>\n<p style=\"text-align: left;\">Die Sektion Funsport hat vorrangig das Ziel die Szene zu erweitern und zu st\u00e4rken. Wir wollen neue Leute gewinnen und unsere jeweilige Sportart der Allgemeinheit vermitteln, was diese speziell ausmacht und uns bedeutet. Wir sehen uns auch als Vertreter\/Ansprechpartner aller Sportler, welche am Skatepark ihr Hobby aus\u00fcben. Jede(r) ist herzlichst eingeladen der Sektion Funsport des TUS Feldbach beizutreten.<\/p>\n<p>[\/et_pb_text][et_pb_image alt=&#8220;Icon Schwimmen&#8220; title_text=&#8220;DSC_9180&#8243; _builder_version=&#8220;4.17.6&#8243; _module_preset=&#8220;default&#8220; background_image=&#8220;https:\/\/tus-feldbach.at\/funsport\/wp-content\/uploads\/sites\/12\/2022\/01\/DSC_9180.jpg&#8220; custom_margin=&#8220;|4%|0px|4%|false|true&#8220; custom_padding=&#8220;220px|0%|0px|0%|false|true&#8220; hover_enabled=&#8220;0&#8243; global_colors_info=&#8220;{}&#8220; sticky_enabled=&#8220;0&#8243;][\/et_pb_image][\/et_pb_column][\/et_pb_row][\/et_pb_section][et_pb_section fb_built=&#8220;1&#8243; _builder_version=&#8220;4.16&#8243; _module_preset=&#8220;default&#8220; width=&#8220;100%&#8220; custom_margin=&#8220;0px|0px|0px|0px|false|false&#8220; custom_margin_tablet=&#8220;0px|0px|0px|0px|false|false&#8220; custom_margin_phone=&#8220;0px|0px|0px|0px|false|false&#8220; custom_margin_last_edited=&#8220;on|desktop&#8220; custom_padding=&#8220;0px|0px|0px|0px|false|false&#8220; locked=&#8220;off&#8220; global_colors_info=&#8220;{}&#8220;][et_pb_row column_structure=&#8220;1_2,1_2&#8243; use_custom_gutter=&#8220;on&#8220; gutter_width=&#8220;1&#8243; make_equal=&#8220;on&#8220; custom_padding_last_edited=&#8220;off|phone&#8220; _builder_version=&#8220;4.16&#8243; _module_preset=&#8220;default&#8220; width=&#8220;100%&#8220; max_width=&#8220;none&#8220; min_height=&#8220;340px&#8220; min_height_tablet=&#8220;&#8220; min_height_phone=&#8220;340px&#8220; min_height_last_edited=&#8220;on|phone&#8220; custom_margin=&#8220;0px|0px|0%|0px|false|false&#8220; custom_margin_tablet=&#8220;||0%||false|false&#8220; custom_margin_phone=&#8220;0px||0%||false|false&#8220; custom_margin_last_edited=&#8220;on|desktop&#8220; custom_padding=&#8220;0px|1%|0%|1%|false|true&#8220; global_colors_info=&#8220;{}&#8220;][et_pb_column type=&#8220;1_2&#8243; disabled_on=&#8220;off|off|off&#8220; _builder_version=&#8220;4.16&#8243; _module_preset=&#8220;default&#8220; global_colors_info=&#8220;{}&#8220;][et_pb_text _builder_version=&#8220;4.16&#8243; _module_preset=&#8220;default&#8220; background_color=&#8220;#00B9C6&#8243; min_height=&#8220;56px&#8220; custom_margin=&#8220;50px|1%|0%||false|false&#8220; custom_margin_tablet=&#8220;6%|0%|0%||false|false&#8220; custom_margin_phone=&#8220;8%|0%|0%||false|false&#8220; custom_margin_last_edited=&#8220;on|desktop&#8220; custom_padding=&#8220;12px|3%|3px|3%|false|true&#8220; link_option_url=&#8220;https:\/\/tus-feldbach.at\/funsport\/termine\/&#8220; border_radii=&#8220;off|10px|||&#8220; global_colors_info=&#8220;{}&#8220;]<\/p>\n<h1><span style=\"color: #ffffff;\">Termine<\/span><\/h1>\n<p>[\/et_pb_text][et_pb_blog fullwidth=&#8220;off&#8220; posts_number=&#8220;3&#8243; include_categories=&#8220;3&#8243; show_thumbnail=&#8220;off&#8220; show_author=&#8220;off&#8220; show_date=&#8220;off&#8220; show_categories=&#8220;off&#8220; show_pagination=&#8220;off&#8220; _builder_version=&#8220;4.16&#8243; _module_preset=&#8220;96ecd917-b12f-4f94-bf9f-94f33ad8b3a3&#8243; custom_margin=&#8220;10px|1%|0px||false|false&#8220; custom_margin_tablet=&#8220;1%||||false|false&#8220; custom_margin_phone=&#8220;||0px||false|false&#8220; custom_margin_last_edited=&#8220;on|phone&#8220; custom_padding=&#8220;0px|0%|0px|0%|false|true&#8220; custom_padding_tablet=&#8220;0px|0%|0px|0%|false|true&#8220; custom_padding_phone=&#8220;0px|0%|0px|0%|false|true&#8220; custom_padding_last_edited=&#8220;on|desktop&#8220; border_width_all=&#8220;0px&#8220; border_width_right=&#8220;0px&#8220; border_radii_image=&#8220;off||||&#8220; global_colors_info=&#8220;{}&#8220;][\/et_pb_blog][\/et_pb_column][et_pb_column type=&#8220;1_2&#8243; _builder_version=&#8220;4.16&#8243; _module_preset=&#8220;default&#8220; global_colors_info=&#8220;{}&#8220;][et_pb_text _builder_version=&#8220;4.16&#8243; _module_preset=&#8220;default&#8220; background_color=&#8220;#00B9C6&#8243; min_height=&#8220;56px&#8220; custom_margin=&#8220;50px||0%|1%|false|false&#8220; custom_margin_tablet=&#8220;6%|0%|0%||false|false&#8220; custom_margin_phone=&#8220;2%|0%|0%||false|false&#8220; custom_margin_last_edited=&#8220;on|phone&#8220; custom_padding=&#8220;12px|3%|3px|3%|false|true&#8220; link_option_url=&#8220;https:\/\/tus-feldbach.at\/funsport\/sponsoren\/&#8220; border_radii=&#8220;off|10px|||&#8220; global_colors_info=&#8220;{}&#8220;]<\/p>\n<h1><span style=\"color: #ffffff;\">Sponsoren<\/span><\/h1>\n<p>[\/et_pb_text][et_pb_text _builder_version=&#8220;4.16&#8243; _module_preset=&#8220;default&#8220; custom_margin=&#8220;25px||3%||false|false&#8220; custom_margin_tablet=&#8220;3%||||false|false&#8220; custom_margin_phone=&#8220;||3%||false|false&#8220; custom_margin_last_edited=&#8220;on|phone&#8220; custom_padding=&#8220;0px|3%||3%|false|false&#8220; locked=&#8220;off&#8220; global_colors_info=&#8220;{}&#8220;]<\/p>\n<p style=\"text-align: center;\">Wir bedanken uns bei unseren Sponsoren des TUS-Feldbach f\u00fcr die tatkr\u00e4ftige Unterst\u00fctzung<\/p>\n<p>[\/et_pb_text][et_pb_gallery gallery_ids=&#8220;84&#8243; fullwidth=&#8220;on&#8220; module_id=&#8220;sponsoren_slider&#8220; module_class=&#8220;sponsoren_slider&#8220; _builder_version=&#8220;4.16&#8243; _module_preset=&#8220;default&#8220; pagination_font=&#8220;|300|||||||&#8220; pagination_text_color=&#8220;RGBA(0,0,0,0)&#8220; z_index=&#8220;0&#8243; background_layout=&#8220;dark&#8220; width=&#8220;324px&#8220; module_alignment=&#8220;center&#8220; height=&#8220;324px&#8220; max_height=&#8220;324px&#8220; custom_margin=&#8220;||||false|false&#8220; custom_padding=&#8220;0px||||false|false&#8220; animation_direction=&#8220;right&#8220; auto=&#8220;on&#8220; auto_speed=&#8220;5000&#8243; global_colors_info=&#8220;{}&#8220;][\/et_pb_gallery][\/et_pb_column][\/et_pb_row][\/et_pb_section]<\/p>\n","protected":false},"excerpt":{"rendered":"<p>News FunSport Sektion FunSportAktuell: Die Sektion Funsport hat vorrangig das Ziel die Szene zu erweitern und zu st\u00e4rken. Wir wollen neue Leute gewinnen und unsere jeweilige Sportart der Allgemeinheit vermitteln, was diese speziell ausmacht und uns bedeutet. Wir sehen uns auch als Vertreter\/Ansprechpartner aller Sportler, welche am Skatepark ihr Hobby aus\u00fcben. Jede(r) ist herzlichst eingeladen [&hellip;]<\/p>\n","protected":false},"author":1,"featured_media":0,"parent":0,"menu_order":0,"comment_status":"closed","ping_status":"closed","template":"","meta":{"_et_pb_use_builder":"on","_et_pb_old_content":"","_et_gb_content_width":"","footnotes":""},"class_list":["post-5","page","type-page","status-publish","hentry"],"_links":{"self":[{"href":"https:\/\/tus-feldbach.at\/funsport\/wp-json\/wp\/v2\/pages\/5","targetHints":{"allow":["GET"]}}],"collection":[{"href":"https:\/\/tus-feldbach.at\/funsport\/wp-json\/wp\/v2\/pages"}],"about":[{"href":"https:\/\/tus-feldbach.at\/funsport\/wp-json\/wp\/v2\/types\/page"}],"author":[{"embeddable":true,"href":"https:\/\/tus-feldbach.at\/funsport\/wp-json\/wp\/v2\/users\/1"}],"replies":[{"embeddable":true,"href":"https:\/\/tus-feldbach.at\/funsport\/wp-json\/wp\/v2\/comments?post=5"}],"version-history":[{"count":22,"href":"https:\/\/tus-feldbach.at\/funsport\/wp-json\/wp\/v2\/pages\/5\/revisions"}],"predecessor-version":[{"id":311,"href":"https:\/\/tus-feldbach.at\/funsport\/wp-json\/wp\/v2\/pages\/5\/revisions\/311"}],"wp:attachment":[{"href":"https:\/\/tus-feldbach.at\/funsport\/wp-json\/wp\/v2\/media?parent=5"}],"curies":[{"name":"wp","href":"https:\/\/api.w.org\/{rel}","templated":true}]}}